{"id":73674,"date":"2025-04-09T16:12:24","date_gmt":"2025-04-09T14:12:24","guid":{"rendered":"https:\/\/adhotelskaoprema.com\/?post_type=product&#038;p=73674"},"modified":"2025-04-09T16:12:24","modified_gmt":"2025-04-09T14:12:24","slug":"sofa-creed","status":"publish","type":"product","link":"https:\/\/adhotelskaoprema.com\/en\/proizvod\/sofa-creed\/","title":{"rendered":"Sofa  CREED"},"content":{"rendered":"<p>Creed je dostupan kao fiksna i elektri\u010dna verzija s mehanizmom za naginjanje naslona i izvla\u010denje sjedala.<\/p>\n<p>Koji god da odaberete, obe\u0107ava potpunu dobrobit za sve. Po\u010dev\u0161i od njegovih mekih linija, velikodu\u0161nih<\/p>\n<p>naslona za ruke s karakteristi\u010dnim bo\u010dnim umetkom i ergonomskim naslonom za le\u0111a.<\/p>\n<p>Dizajniran za zaposlena ku\u0107anstva, mo\u017ee se pretvoriti u skladu sa zahtjevima.<\/p>\n<p>Rok isporuke je 30 dana.<\/p>\n","protected":false},"excerpt":{"rendered":"<p>Creed je dostupan kao fiksna i elektri\u010dna verzija s mehanizmom za naginjanje naslona i izvla\u010denje sjedala. Koji god da odaberete, obe\u0107ava potpunu dobrobit za sve. Po\u010dev\u0161i od njegovih mekih linija, velikodu\u0161nih naslona za ruke s karakteristi\u010dnim bo\u010dnim umetkom i ergonomskim naslonom za le\u0111a. Dizajniran za zaposlena ku\u0107anstva, mo\u017ee se pretvoriti u skladu sa zahtjevima. Rok [&hellip;]<\/p>\n","protected":false},"featured_media":73681,"template":"","meta":{"_acf_changed":false},"product_brand":[],"product_cat":[350],"product_tag":[],"class_list":{"0":"post-73674","1":"product","2":"type-product","3":"status-publish","4":"has-post-thumbnail","6":"product_cat-sofa","8":"first","9":"onbackorder","10":"taxable","11":"shipping-taxable","12":"product-type-simple"},"acf":[],"_links":{"self":[{"href":"https:\/\/adhotelskaoprema.com\/en\/wp-json\/wp\/v2\/product\/73674","targetHints":{"allow":["GET"]}}],"collection":[{"href":"https:\/\/adhotelskaoprema.com\/en\/wp-json\/wp\/v2\/product"}],"about":[{"href":"https:\/\/adhotelskaoprema.com\/en\/wp-json\/wp\/v2\/types\/product"}],"wp:featuredmedia":[{"embeddable":true,"href":"https:\/\/adhotelskaoprema.com\/en\/wp-json\/wp\/v2\/media\/73681"}],"wp:attachment":[{"href":"https:\/\/adhotelskaoprema.com\/en\/wp-json\/wp\/v2\/media?parent=73674"}],"wp:term":[{"taxonomy":"product_brand","embeddable":true,"href":"https:\/\/adhotelskaoprema.com\/en\/wp-json\/wp\/v2\/product_brand?post=73674"},{"taxonomy":"product_cat","embeddable":true,"href":"https:\/\/adhotelskaoprema.com\/en\/wp-json\/wp\/v2\/product_cat?post=73674"},{"taxonomy":"product_tag","embeddable":true,"href":"https:\/\/adhotelskaoprema.com\/en\/wp-json\/wp\/v2\/product_tag?post=73674"}],"curies":[{"name":"wp","href":"https:\/\/api.w.org\/{rel}","templated":true}]}}