{"id":73640,"date":"2025-04-09T15:52:40","date_gmt":"2025-04-09T13:52:40","guid":{"rendered":"https:\/\/adhotelskaoprema.com\/?post_type=product&#038;p=73640"},"modified":"2025-04-09T15:52:40","modified_gmt":"2025-04-09T13:52:40","slug":"sofa-dexter","status":"publish","type":"product","link":"https:\/\/adhotelskaoprema.com\/en\/proizvod\/sofa-dexter\/","title":{"rendered":"Sofa  DEXTER"},"content":{"rendered":"<p>Ako \u017eelite maksimalno iskoristiti svoje dragocjeno vrijeme za opu\u0161tanje, Dexter kau\u010d na razvla\u010denje s podesivim<\/p>\n<p>naslonom za glavu i sjedalom, omogu\u0107it \u0107e vam da se opustite od glave do pete.<\/p>\n<p>Dizajniran za zaposlena ku\u0107anstva, mo\u017ee se pretvoriti u skladu sa zahtjevima.<\/p>\n<p>Rok isporuke je 30 dana.<\/p>\n","protected":false},"excerpt":{"rendered":"<p>Ako \u017eelite maksimalno iskoristiti svoje dragocjeno vrijeme za opu\u0161tanje, Dexter kau\u010d na razvla\u010denje s podesivim naslonom za glavu i sjedalom, omogu\u0107it \u0107e vam da se opustite od glave do pete. Dizajniran za zaposlena ku\u0107anstva, mo\u017ee se pretvoriti u skladu sa zahtjevima. Rok isporuke je 30 dana.<\/p>\n","protected":false},"featured_media":73645,"template":"","meta":{"_acf_changed":false},"product_brand":[],"product_cat":[350],"product_tag":[],"class_list":{"0":"post-73640","1":"product","2":"type-product","3":"status-publish","4":"has-post-thumbnail","6":"product_cat-sofa","8":"first","9":"onbackorder","10":"taxable","11":"shipping-taxable","12":"product-type-simple"},"acf":[],"_links":{"self":[{"href":"https:\/\/adhotelskaoprema.com\/en\/wp-json\/wp\/v2\/product\/73640","targetHints":{"allow":["GET"]}}],"collection":[{"href":"https:\/\/adhotelskaoprema.com\/en\/wp-json\/wp\/v2\/product"}],"about":[{"href":"https:\/\/adhotelskaoprema.com\/en\/wp-json\/wp\/v2\/types\/product"}],"wp:featuredmedia":[{"embeddable":true,"href":"https:\/\/adhotelskaoprema.com\/en\/wp-json\/wp\/v2\/media\/73645"}],"wp:attachment":[{"href":"https:\/\/adhotelskaoprema.com\/en\/wp-json\/wp\/v2\/media?parent=73640"}],"wp:term":[{"taxonomy":"product_brand","embeddable":true,"href":"https:\/\/adhotelskaoprema.com\/en\/wp-json\/wp\/v2\/product_brand?post=73640"},{"taxonomy":"product_cat","embeddable":true,"href":"https:\/\/adhotelskaoprema.com\/en\/wp-json\/wp\/v2\/product_cat?post=73640"},{"taxonomy":"product_tag","embeddable":true,"href":"https:\/\/adhotelskaoprema.com\/en\/wp-json\/wp\/v2\/product_tag?post=73640"}],"curies":[{"name":"wp","href":"https:\/\/api.w.org\/{rel}","templated":true}]}}