{"id":73624,"date":"2025-04-09T15:37:03","date_gmt":"2025-04-09T13:37:03","guid":{"rendered":"https:\/\/adhotelskaoprema.com\/?post_type=product&#038;p=73624"},"modified":"2025-04-09T15:37:03","modified_gmt":"2025-04-09T13:37:03","slug":"sofa-byron","status":"publish","type":"product","link":"https:\/\/adhotelskaoprema.com\/en\/proizvod\/sofa-byron\/","title":{"rendered":"Sofa  BYRON"},"content":{"rendered":"<p>Diskretna reljefna zavr\u0161na obrada nagla\u0161ava minimalisti\u010dke linije i sjedala bez jastuka na Byronu, koja se prote\u017eu u razli\u010dite<\/p>\n<p>polo\u017eaje za stvaranje opu\u0161taju\u0107ih le\u017ealjki.<\/p>\n<p>Dizajniran za zaposlena ku\u0107anstva, mo\u017ee se pretvoriti u skladu sa zahtjevima.<\/p>\n<p>Rok isporuke je 30 dana.<\/p>\n","protected":false},"excerpt":{"rendered":"<p>Diskretna reljefna zavr\u0161na obrada nagla\u0161ava minimalisti\u010dke linije i sjedala bez jastuka na Byronu, koja se prote\u017eu u razli\u010dite polo\u017eaje za stvaranje opu\u0161taju\u0107ih le\u017ealjki. Dizajniran za zaposlena ku\u0107anstva, mo\u017ee se pretvoriti u skladu sa zahtjevima. Rok isporuke je 30 dana.<\/p>\n","protected":false},"featured_media":73636,"template":"","meta":{"_acf_changed":false},"product_brand":[],"product_cat":[350],"product_tag":[],"class_list":{"0":"post-73624","1":"product","2":"type-product","3":"status-publish","4":"has-post-thumbnail","6":"product_cat-sofa","8":"first","9":"onbackorder","10":"taxable","11":"shipping-taxable","12":"product-type-simple"},"acf":[],"_links":{"self":[{"href":"https:\/\/adhotelskaoprema.com\/en\/wp-json\/wp\/v2\/product\/73624","targetHints":{"allow":["GET"]}}],"collection":[{"href":"https:\/\/adhotelskaoprema.com\/en\/wp-json\/wp\/v2\/product"}],"about":[{"href":"https:\/\/adhotelskaoprema.com\/en\/wp-json\/wp\/v2\/types\/product"}],"wp:featuredmedia":[{"embeddable":true,"href":"https:\/\/adhotelskaoprema.com\/en\/wp-json\/wp\/v2\/media\/73636"}],"wp:attachment":[{"href":"https:\/\/adhotelskaoprema.com\/en\/wp-json\/wp\/v2\/media?parent=73624"}],"wp:term":[{"taxonomy":"product_brand","embeddable":true,"href":"https:\/\/adhotelskaoprema.com\/en\/wp-json\/wp\/v2\/product_brand?post=73624"},{"taxonomy":"product_cat","embeddable":true,"href":"https:\/\/adhotelskaoprema.com\/en\/wp-json\/wp\/v2\/product_cat?post=73624"},{"taxonomy":"product_tag","embeddable":true,"href":"https:\/\/adhotelskaoprema.com\/en\/wp-json\/wp\/v2\/product_tag?post=73624"}],"curies":[{"name":"wp","href":"https:\/\/api.w.org\/{rel}","templated":true}]}}