{"id":73612,"date":"2025-04-09T15:22:34","date_gmt":"2025-04-09T13:22:34","guid":{"rendered":"https:\/\/adhotelskaoprema.com\/?post_type=product&#038;p=73612"},"modified":"2025-04-09T15:22:34","modified_gmt":"2025-04-09T13:22:34","slug":"sofa-wally","status":"publish","type":"product","link":"https:\/\/adhotelskaoprema.com\/en\/proizvod\/sofa-wally\/","title":{"rendered":"Sofa  WALLY"},"content":{"rendered":"<p>Wallyjeve rigorozne, odlu\u010dne linije nude vam mno\u0161tvo svestranih rje\u0161enja koja odgovaraju va\u0161oj trenutnoj inspiraciji.<\/p>\n<p>Sjedala na izvla\u010denje \u010dine va\u0161e vrijeme opu\u0161tanja iznimno udobnim.<\/p>\n<p>Dizajniran za zaposlena ku\u0107anstva, mo\u017ee se pretvoriti u skladu sa zahtjevima.<\/p>\n<p>Rok isporuke je 30 dana.<\/p>\n","protected":false},"excerpt":{"rendered":"<p>Wallyjeve rigorozne, odlu\u010dne linije nude vam mno\u0161tvo svestranih rje\u0161enja koja odgovaraju va\u0161oj trenutnoj inspiraciji. Sjedala na izvla\u010denje \u010dine va\u0161e vrijeme opu\u0161tanja iznimno udobnim. Dizajniran za zaposlena ku\u0107anstva, mo\u017ee se pretvoriti u skladu sa zahtjevima. Rok isporuke je 30 dana.<\/p>\n","protected":false},"featured_media":73613,"template":"","meta":{"_acf_changed":false},"product_brand":[],"product_cat":[350],"product_tag":[],"class_list":{"0":"post-73612","1":"product","2":"type-product","3":"status-publish","4":"has-post-thumbnail","6":"product_cat-sofa","8":"first","9":"onbackorder","10":"taxable","11":"shipping-taxable","12":"product-type-simple"},"acf":[],"_links":{"self":[{"href":"https:\/\/adhotelskaoprema.com\/en\/wp-json\/wp\/v2\/product\/73612","targetHints":{"allow":["GET"]}}],"collection":[{"href":"https:\/\/adhotelskaoprema.com\/en\/wp-json\/wp\/v2\/product"}],"about":[{"href":"https:\/\/adhotelskaoprema.com\/en\/wp-json\/wp\/v2\/types\/product"}],"wp:featuredmedia":[{"embeddable":true,"href":"https:\/\/adhotelskaoprema.com\/en\/wp-json\/wp\/v2\/media\/73613"}],"wp:attachment":[{"href":"https:\/\/adhotelskaoprema.com\/en\/wp-json\/wp\/v2\/media?parent=73612"}],"wp:term":[{"taxonomy":"product_brand","embeddable":true,"href":"https:\/\/adhotelskaoprema.com\/en\/wp-json\/wp\/v2\/product_brand?post=73612"},{"taxonomy":"product_cat","embeddable":true,"href":"https:\/\/adhotelskaoprema.com\/en\/wp-json\/wp\/v2\/product_cat?post=73612"},{"taxonomy":"product_tag","embeddable":true,"href":"https:\/\/adhotelskaoprema.com\/en\/wp-json\/wp\/v2\/product_tag?post=73612"}],"curies":[{"name":"wp","href":"https:\/\/api.w.org\/{rel}","templated":true}]}}