{"id":73591,"date":"2025-04-09T14:21:00","date_gmt":"2025-04-09T12:21:00","guid":{"rendered":"https:\/\/adhotelskaoprema.com\/?post_type=product&#038;p=73591"},"modified":"2025-04-09T14:21:00","modified_gmt":"2025-04-09T12:21:00","slug":"sofa-fred","status":"publish","type":"product","link":"https:\/\/adhotelskaoprema.com\/en\/proizvod\/sofa-fred\/","title":{"rendered":"Sofa  FRED"},"content":{"rendered":"<p>Fred uvijek privla\u010di pozornost zahvaljuju\u0107i svom profinjenom, ali ugodnom dizajnu.<\/p>\n<p>Visoke noge daju okviru odre\u0111enu gracioznost i tako\u0111er olak\u0161avaju ku\u0107anske poslove.<\/p>\n<p>Dizajniran za zaposlena ku\u0107anstva, mo\u017ee se pretvoriti u skladu sa zahtjevima.<\/p>\n<p>Rok isporuke je 30 dana.<\/p>\n","protected":false},"excerpt":{"rendered":"<p>Fred uvijek privla\u010di pozornost zahvaljuju\u0107i svom profinjenom, ali ugodnom dizajnu. Visoke noge daju okviru odre\u0111enu gracioznost i tako\u0111er olak\u0161avaju ku\u0107anske poslove. Dizajniran za zaposlena ku\u0107anstva, mo\u017ee se pretvoriti u skladu sa zahtjevima. Rok isporuke je 30 dana.<\/p>\n","protected":false},"featured_media":73601,"template":"","meta":{"_acf_changed":false},"product_brand":[],"product_cat":[350],"product_tag":[],"class_list":{"0":"post-73591","1":"product","2":"type-product","3":"status-publish","4":"has-post-thumbnail","6":"product_cat-sofa","8":"first","9":"onbackorder","10":"taxable","11":"shipping-taxable","12":"product-type-simple"},"acf":[],"_links":{"self":[{"href":"https:\/\/adhotelskaoprema.com\/en\/wp-json\/wp\/v2\/product\/73591","targetHints":{"allow":["GET"]}}],"collection":[{"href":"https:\/\/adhotelskaoprema.com\/en\/wp-json\/wp\/v2\/product"}],"about":[{"href":"https:\/\/adhotelskaoprema.com\/en\/wp-json\/wp\/v2\/types\/product"}],"wp:featuredmedia":[{"embeddable":true,"href":"https:\/\/adhotelskaoprema.com\/en\/wp-json\/wp\/v2\/media\/73601"}],"wp:attachment":[{"href":"https:\/\/adhotelskaoprema.com\/en\/wp-json\/wp\/v2\/media?parent=73591"}],"wp:term":[{"taxonomy":"product_brand","embeddable":true,"href":"https:\/\/adhotelskaoprema.com\/en\/wp-json\/wp\/v2\/product_brand?post=73591"},{"taxonomy":"product_cat","embeddable":true,"href":"https:\/\/adhotelskaoprema.com\/en\/wp-json\/wp\/v2\/product_cat?post=73591"},{"taxonomy":"product_tag","embeddable":true,"href":"https:\/\/adhotelskaoprema.com\/en\/wp-json\/wp\/v2\/product_tag?post=73591"}],"curies":[{"name":"wp","href":"https:\/\/api.w.org\/{rel}","templated":true}]}}