{"id":73470,"date":"2025-04-08T17:19:20","date_gmt":"2025-04-08T15:19:20","guid":{"rendered":"https:\/\/adhotelskaoprema.com\/?post_type=product&#038;p=73470"},"modified":"2025-04-08T17:19:20","modified_gmt":"2025-04-08T15:19:20","slug":"kauc-na-razvlacenje-zack","status":"publish","type":"product","link":"https:\/\/adhotelskaoprema.com\/en\/proizvod\/kauc-na-razvlacenje-zack\/","title":{"rendered":"Kau\u010d \u200b\u200bna razvla\u010denje  ZACK"},"content":{"rendered":"<p>Nje\u017ene, vijugave linije i tanke bo\u010dne stranice umjesto naslona za ruke.<\/p>\n<p>Zackova veli\u010dina koja \u0161tedi prostor ni na koji na\u010din ne umanjuje njegov suvremeni dizajn.<\/p>\n<p>Dizajniran za zaposlena ku\u0107anstva, mo\u017ee se pretvoriti u skladu sa zahtjevima.<\/p>\n<p>Rok isporuke je 30 dana.<\/p>\n","protected":false},"excerpt":{"rendered":"<p>Nje\u017ene, vijugave linije i tanke bo\u010dne stranice umjesto naslona za ruke. Zackova veli\u010dina koja \u0161tedi prostor ni na koji na\u010din ne umanjuje njegov suvremeni dizajn. Dizajniran za zaposlena ku\u0107anstva, mo\u017ee se pretvoriti u skladu sa zahtjevima. Rok isporuke je 30 dana.<\/p>\n","protected":false},"featured_media":73474,"template":"","meta":{"_acf_changed":false},"product_brand":[],"product_cat":[301],"product_tag":[],"class_list":{"0":"post-73470","1":"product","2":"type-product","3":"status-publish","4":"has-post-thumbnail","6":"product_cat-kauc-na-razvlacenje","8":"first","9":"onbackorder","10":"taxable","11":"shipping-taxable","12":"product-type-simple"},"acf":[],"_links":{"self":[{"href":"https:\/\/adhotelskaoprema.com\/en\/wp-json\/wp\/v2\/product\/73470","targetHints":{"allow":["GET"]}}],"collection":[{"href":"https:\/\/adhotelskaoprema.com\/en\/wp-json\/wp\/v2\/product"}],"about":[{"href":"https:\/\/adhotelskaoprema.com\/en\/wp-json\/wp\/v2\/types\/product"}],"wp:featuredmedia":[{"embeddable":true,"href":"https:\/\/adhotelskaoprema.com\/en\/wp-json\/wp\/v2\/media\/73474"}],"wp:attachment":[{"href":"https:\/\/adhotelskaoprema.com\/en\/wp-json\/wp\/v2\/media?parent=73470"}],"wp:term":[{"taxonomy":"product_brand","embeddable":true,"href":"https:\/\/adhotelskaoprema.com\/en\/wp-json\/wp\/v2\/product_brand?post=73470"},{"taxonomy":"product_cat","embeddable":true,"href":"https:\/\/adhotelskaoprema.com\/en\/wp-json\/wp\/v2\/product_cat?post=73470"},{"taxonomy":"product_tag","embeddable":true,"href":"https:\/\/adhotelskaoprema.com\/en\/wp-json\/wp\/v2\/product_tag?post=73470"}],"curies":[{"name":"wp","href":"https:\/\/api.w.org\/{rel}","templated":true}]}}