{"id":73451,"date":"2025-04-08T16:51:34","date_gmt":"2025-04-08T14:51:34","guid":{"rendered":"https:\/\/adhotelskaoprema.com\/?post_type=product&#038;p=73451"},"modified":"2025-04-08T16:51:35","modified_gmt":"2025-04-08T14:51:35","slug":"kauc-na-razvlacenje-tyson","status":"publish","type":"product","link":"https:\/\/adhotelskaoprema.com\/en\/proizvod\/kauc-na-razvlacenje-tyson\/","title":{"rendered":"Kau\u010d \u200b\u200bna razvla\u010denje  TYSON"},"content":{"rendered":"<p>Visoko sjedi\u0161te \u010dini Tyson idealnim za one koji o\u010dekuju maksimalnu udobnost od svoje sofe.<\/p>\n<p>\u0160ivi nagla\u0161avaju njegove stabilne, \u010dvrste linije.<\/p>\n<p>Dizajniran za zaposlena ku\u0107anstva, mo\u017ee se pretvoriti u skladu sa zahtjevima.<\/p>\n<p>Rok isporuke je 30 dana.<\/p>\n","protected":false},"excerpt":{"rendered":"<p>Visoko sjedi\u0161te \u010dini Tyson idealnim za one koji o\u010dekuju maksimalnu udobnost od svoje sofe. \u0160ivi nagla\u0161avaju njegove stabilne, \u010dvrste linije. Dizajniran za zaposlena ku\u0107anstva, mo\u017ee se pretvoriti u skladu sa zahtjevima. Rok isporuke je 30 dana.<\/p>\n","protected":false},"featured_media":73459,"template":"","meta":{"_acf_changed":false},"product_brand":[],"product_cat":[301],"product_tag":[],"class_list":{"0":"post-73451","1":"product","2":"type-product","3":"status-publish","4":"has-post-thumbnail","6":"product_cat-kauc-na-razvlacenje","8":"first","9":"onbackorder","10":"taxable","11":"shipping-taxable","12":"product-type-simple"},"acf":[],"_links":{"self":[{"href":"https:\/\/adhotelskaoprema.com\/en\/wp-json\/wp\/v2\/product\/73451","targetHints":{"allow":["GET"]}}],"collection":[{"href":"https:\/\/adhotelskaoprema.com\/en\/wp-json\/wp\/v2\/product"}],"about":[{"href":"https:\/\/adhotelskaoprema.com\/en\/wp-json\/wp\/v2\/types\/product"}],"wp:featuredmedia":[{"embeddable":true,"href":"https:\/\/adhotelskaoprema.com\/en\/wp-json\/wp\/v2\/media\/73459"}],"wp:attachment":[{"href":"https:\/\/adhotelskaoprema.com\/en\/wp-json\/wp\/v2\/media?parent=73451"}],"wp:term":[{"taxonomy":"product_brand","embeddable":true,"href":"https:\/\/adhotelskaoprema.com\/en\/wp-json\/wp\/v2\/product_brand?post=73451"},{"taxonomy":"product_cat","embeddable":true,"href":"https:\/\/adhotelskaoprema.com\/en\/wp-json\/wp\/v2\/product_cat?post=73451"},{"taxonomy":"product_tag","embeddable":true,"href":"https:\/\/adhotelskaoprema.com\/en\/wp-json\/wp\/v2\/product_tag?post=73451"}],"curies":[{"name":"wp","href":"https:\/\/api.w.org\/{rel}","templated":true}]}}