{"id":73429,"date":"2025-04-08T16:41:23","date_gmt":"2025-04-08T14:41:23","guid":{"rendered":"https:\/\/adhotelskaoprema.com\/?post_type=product&#038;p=73429"},"modified":"2025-04-08T16:41:23","modified_gmt":"2025-04-08T14:41:23","slug":"kauc-na-razvlacenje-didier","status":"publish","type":"product","link":"https:\/\/adhotelskaoprema.com\/en\/proizvod\/kauc-na-razvlacenje-didier\/","title":{"rendered":"Kau\u010d \u200b\u200bna razvla\u010denje  DIDIER"},"content":{"rendered":"<p>Kada padne no\u0107 i va\u0161a dnevna soba postane spava\u0107a soba, Didier je u srcu transformacije.<\/p>\n<p>Mekano pro\u0161iveno uzglavlje savr\u0161ena je pratnja za dugo spavanje.<\/p>\n<p>Dizajniran za zaposlena ku\u0107anstva, mo\u017ee se pretvoriti u skladu sa zahtjevima.<\/p>\n<p>Rok isporuke je 30 dana.<\/p>\n","protected":false},"excerpt":{"rendered":"<p>Kada padne no\u0107 i va\u0161a dnevna soba postane spava\u0107a soba, Didier je u srcu transformacije. Mekano pro\u0161iveno uzglavlje savr\u0161ena je pratnja za dugo spavanje. Dizajniran za zaposlena ku\u0107anstva, mo\u017ee se pretvoriti u skladu sa zahtjevima. Rok isporuke je 30 dana.<\/p>\n","protected":false},"featured_media":73433,"template":"","meta":{"_acf_changed":false},"product_brand":[],"product_cat":[301],"product_tag":[],"class_list":{"0":"post-73429","1":"product","2":"type-product","3":"status-publish","4":"has-post-thumbnail","6":"product_cat-kauc-na-razvlacenje","8":"first","9":"onbackorder","10":"taxable","11":"shipping-taxable","12":"product-type-simple"},"acf":[],"_links":{"self":[{"href":"https:\/\/adhotelskaoprema.com\/en\/wp-json\/wp\/v2\/product\/73429","targetHints":{"allow":["GET"]}}],"collection":[{"href":"https:\/\/adhotelskaoprema.com\/en\/wp-json\/wp\/v2\/product"}],"about":[{"href":"https:\/\/adhotelskaoprema.com\/en\/wp-json\/wp\/v2\/types\/product"}],"wp:featuredmedia":[{"embeddable":true,"href":"https:\/\/adhotelskaoprema.com\/en\/wp-json\/wp\/v2\/media\/73433"}],"wp:attachment":[{"href":"https:\/\/adhotelskaoprema.com\/en\/wp-json\/wp\/v2\/media?parent=73429"}],"wp:term":[{"taxonomy":"product_brand","embeddable":true,"href":"https:\/\/adhotelskaoprema.com\/en\/wp-json\/wp\/v2\/product_brand?post=73429"},{"taxonomy":"product_cat","embeddable":true,"href":"https:\/\/adhotelskaoprema.com\/en\/wp-json\/wp\/v2\/product_cat?post=73429"},{"taxonomy":"product_tag","embeddable":true,"href":"https:\/\/adhotelskaoprema.com\/en\/wp-json\/wp\/v2\/product_tag?post=73429"}],"curies":[{"name":"wp","href":"https:\/\/api.w.org\/{rel}","templated":true}]}}