{"id":73402,"date":"2025-04-08T16:25:19","date_gmt":"2025-04-08T14:25:19","guid":{"rendered":"https:\/\/adhotelskaoprema.com\/?post_type=product&#038;p=73402"},"modified":"2025-04-08T16:25:19","modified_gmt":"2025-04-08T14:25:19","slug":"kauc-na-razvlacenje-dakota","status":"publish","type":"product","link":"https:\/\/adhotelskaoprema.com\/en\/proizvod\/kauc-na-razvlacenje-dakota\/","title":{"rendered":"Kau\u010d \u200b\u200bna razvla\u010denje  DAKOTA"},"content":{"rendered":"<p>Moderne, nepogre\u0161ive linije, jedinstvene kontrastnim \u0161avovima na vrhu.<\/p>\n<p>Dakota postaje suvremeni klasik prikladan za svaki stil i zahtjev.<\/p>\n<p>Le\u017ealjka sa spremi\u0161tem nudi prakti\u010dan prostor za spremanje navlaka i jastuka, odr\u017eavaju\u0107i sve uredno i uredno.<\/p>\n<p>Dizajniran za zaposlena ku\u0107anstva, mo\u017ee se pretvoriti u skladu sa zahtjevima.<\/p>\n<p>Rok isporuke je 30 dana.<\/p>\n","protected":false},"excerpt":{"rendered":"<p>Moderne, nepogre\u0161ive linije, jedinstvene kontrastnim \u0161avovima na vrhu. Dakota postaje suvremeni klasik prikladan za svaki stil i zahtjev. Le\u017ealjka sa spremi\u0161tem nudi prakti\u010dan prostor za spremanje navlaka i jastuka, odr\u017eavaju\u0107i sve uredno i uredno. Dizajniran za zaposlena ku\u0107anstva, mo\u017ee se pretvoriti u skladu sa zahtjevima. Rok isporuke je 30 dana.<\/p>\n","protected":false},"featured_media":73403,"template":"","meta":{"_acf_changed":false},"product_brand":[],"product_cat":[301],"product_tag":[],"class_list":{"0":"post-73402","1":"product","2":"type-product","3":"status-publish","4":"has-post-thumbnail","6":"product_cat-kauc-na-razvlacenje","8":"first","9":"onbackorder","10":"taxable","11":"shipping-taxable","12":"product-type-simple"},"acf":[],"_links":{"self":[{"href":"https:\/\/adhotelskaoprema.com\/en\/wp-json\/wp\/v2\/product\/73402","targetHints":{"allow":["GET"]}}],"collection":[{"href":"https:\/\/adhotelskaoprema.com\/en\/wp-json\/wp\/v2\/product"}],"about":[{"href":"https:\/\/adhotelskaoprema.com\/en\/wp-json\/wp\/v2\/types\/product"}],"wp:featuredmedia":[{"embeddable":true,"href":"https:\/\/adhotelskaoprema.com\/en\/wp-json\/wp\/v2\/media\/73403"}],"wp:attachment":[{"href":"https:\/\/adhotelskaoprema.com\/en\/wp-json\/wp\/v2\/media?parent=73402"}],"wp:term":[{"taxonomy":"product_brand","embeddable":true,"href":"https:\/\/adhotelskaoprema.com\/en\/wp-json\/wp\/v2\/product_brand?post=73402"},{"taxonomy":"product_cat","embeddable":true,"href":"https:\/\/adhotelskaoprema.com\/en\/wp-json\/wp\/v2\/product_cat?post=73402"},{"taxonomy":"product_tag","embeddable":true,"href":"https:\/\/adhotelskaoprema.com\/en\/wp-json\/wp\/v2\/product_tag?post=73402"}],"curies":[{"name":"wp","href":"https:\/\/api.w.org\/{rel}","templated":true}]}}