{"id":73327,"date":"2025-04-08T14:31:59","date_gmt":"2025-04-08T12:31:59","guid":{"rendered":"https:\/\/adhotelskaoprema.com\/?post_type=product&#038;p=73327"},"modified":"2025-04-08T14:31:59","modified_gmt":"2025-04-08T12:31:59","slug":"kauc-na-razvlacenje-bob","status":"publish","type":"product","link":"https:\/\/adhotelskaoprema.com\/en\/proizvod\/kauc-na-razvlacenje-bob\/","title":{"rendered":"Kau\u010d \u200b\u200bna razvla\u010denje BOB"},"content":{"rendered":"<p>Prakti\u010dan, zahvaljuju\u0107i lako uklonjivim jastucima i u\u0161tedi prostora, udoban, funkcionalan i lagan<\/p>\n<p>Bob kau\u010d na razvla\u010denje savr\u0161ene je veli\u010dine za stavljanje ispod ormara ili jedinice za odlaganje.<\/p>\n<p>Dizajniran za zaposlena ku\u0107anstva, mo\u017ee se pretvoriti u skladu sa zahtjevima.<\/p>\n<p>Rok isporuke je 30 dana.<\/p>\n","protected":false},"excerpt":{"rendered":"<p>Prakti\u010dan, zahvaljuju\u0107i lako uklonjivim jastucima i u\u0161tedi prostora, udoban, funkcionalan i lagan Bob kau\u010d na razvla\u010denje savr\u0161ene je veli\u010dine za stavljanje ispod ormara ili jedinice za odlaganje. Dizajniran za zaposlena ku\u0107anstva, mo\u017ee se pretvoriti u skladu sa zahtjevima. Rok isporuke je 30 dana.<\/p>\n","protected":false},"featured_media":73330,"template":"","meta":{"_acf_changed":false},"product_brand":[],"product_cat":[301],"product_tag":[],"class_list":{"0":"post-73327","1":"product","2":"type-product","3":"status-publish","4":"has-post-thumbnail","6":"product_cat-kauc-na-razvlacenje","8":"first","9":"onbackorder","10":"taxable","11":"shipping-taxable","12":"product-type-simple"},"acf":[],"_links":{"self":[{"href":"https:\/\/adhotelskaoprema.com\/en\/wp-json\/wp\/v2\/product\/73327","targetHints":{"allow":["GET"]}}],"collection":[{"href":"https:\/\/adhotelskaoprema.com\/en\/wp-json\/wp\/v2\/product"}],"about":[{"href":"https:\/\/adhotelskaoprema.com\/en\/wp-json\/wp\/v2\/types\/product"}],"wp:featuredmedia":[{"embeddable":true,"href":"https:\/\/adhotelskaoprema.com\/en\/wp-json\/wp\/v2\/media\/73330"}],"wp:attachment":[{"href":"https:\/\/adhotelskaoprema.com\/en\/wp-json\/wp\/v2\/media?parent=73327"}],"wp:term":[{"taxonomy":"product_brand","embeddable":true,"href":"https:\/\/adhotelskaoprema.com\/en\/wp-json\/wp\/v2\/product_brand?post=73327"},{"taxonomy":"product_cat","embeddable":true,"href":"https:\/\/adhotelskaoprema.com\/en\/wp-json\/wp\/v2\/product_cat?post=73327"},{"taxonomy":"product_tag","embeddable":true,"href":"https:\/\/adhotelskaoprema.com\/en\/wp-json\/wp\/v2\/product_tag?post=73327"}],"curies":[{"name":"wp","href":"https:\/\/api.w.org\/{rel}","templated":true}]}}