{"id":73198,"date":"2025-04-08T11:59:31","date_gmt":"2025-04-08T09:59:31","guid":{"rendered":"https:\/\/adhotelskaoprema.com\/?post_type=product&#038;p=73198"},"modified":"2025-04-08T11:59:31","modified_gmt":"2025-04-08T09:59:31","slug":"kauc-na-razvlacenje-blair","status":"publish","type":"product","link":"https:\/\/adhotelskaoprema.com\/en\/proizvod\/kauc-na-razvlacenje-blair\/","title":{"rendered":"Kau\u010d \u200b\u200bna razvla\u010denje  BLAIR"},"content":{"rendered":"<p>Blairove minimalisti\u010dke linije, ubla\u017eene zaobljenim jastucima, idealne su za ograni\u010dene prostore koji ipak \u017eele da\u0161ak originalnosti.<\/p>\n<p>Dizajniran za zaposlena ku\u0107anstva, mo\u017ee se pretvoriti u skladu sa zahtjevima.<\/p>\n<p>Rok isporuke je 30 dana.<\/p>\n","protected":false},"excerpt":{"rendered":"<p>Blairove minimalisti\u010dke linije, ubla\u017eene zaobljenim jastucima, idealne su za ograni\u010dene prostore koji ipak \u017eele da\u0161ak originalnosti. Dizajniran za zaposlena ku\u0107anstva, mo\u017ee se pretvoriti u skladu sa zahtjevima. Rok isporuke je 30 dana.<\/p>\n","protected":false},"featured_media":73201,"template":"","meta":{"_acf_changed":false},"product_brand":[],"product_cat":[301],"product_tag":[],"class_list":{"0":"post-73198","1":"product","2":"type-product","3":"status-publish","4":"has-post-thumbnail","6":"product_cat-kauc-na-razvlacenje","8":"first","9":"onbackorder","10":"taxable","11":"shipping-taxable","12":"product-type-simple"},"acf":[],"_links":{"self":[{"href":"https:\/\/adhotelskaoprema.com\/en\/wp-json\/wp\/v2\/product\/73198","targetHints":{"allow":["GET"]}}],"collection":[{"href":"https:\/\/adhotelskaoprema.com\/en\/wp-json\/wp\/v2\/product"}],"about":[{"href":"https:\/\/adhotelskaoprema.com\/en\/wp-json\/wp\/v2\/types\/product"}],"wp:featuredmedia":[{"embeddable":true,"href":"https:\/\/adhotelskaoprema.com\/en\/wp-json\/wp\/v2\/media\/73201"}],"wp:attachment":[{"href":"https:\/\/adhotelskaoprema.com\/en\/wp-json\/wp\/v2\/media?parent=73198"}],"wp:term":[{"taxonomy":"product_brand","embeddable":true,"href":"https:\/\/adhotelskaoprema.com\/en\/wp-json\/wp\/v2\/product_brand?post=73198"},{"taxonomy":"product_cat","embeddable":true,"href":"https:\/\/adhotelskaoprema.com\/en\/wp-json\/wp\/v2\/product_cat?post=73198"},{"taxonomy":"product_tag","embeddable":true,"href":"https:\/\/adhotelskaoprema.com\/en\/wp-json\/wp\/v2\/product_tag?post=73198"}],"curies":[{"name":"wp","href":"https:\/\/api.w.org\/{rel}","templated":true}]}}