{"id":73025,"date":"2025-03-26T12:42:59","date_gmt":"2025-03-26T11:42:59","guid":{"rendered":"https:\/\/adhotelskaoprema.com\/?post_type=product&#038;p=73025"},"modified":"2025-04-02T13:37:01","modified_gmt":"2025-04-02T11:37:01","slug":"ogledalo-celeste","status":"publish","type":"product","link":"https:\/\/adhotelskaoprema.com\/en\/proizvod\/ogledalo-celeste\/","title":{"rendered":"Ogledalo Celeste"},"content":{"rendered":"<section class=\"product__argu\">\n<h2 class=\"product__argu__title\"><span>Proizvod\u00a0<\/span><\/h2>\n<ul class=\"product__argu__list\">\n<li><span>2 opcije osvjetljenja: toplo ili hladno bijelo<\/span><\/li>\n<li><span>Pove\u0107avaju\u0107i odraz x3<\/span><\/li>\n<li><span>SmarTech\u00a9 Plavi senzor za dodir<\/span><\/li>\n<\/ul>\n<\/section>\n<section>\n<h2 class=\"product__section-title js_accordion_toggle is-open\"><span>Tehni\u010dki podaci<\/span><\/h2>\n<div class=\"js_accordion_content\">\n<ul class=\"product__features\">\n<li><span>Materijal: mesing<\/span><\/li>\n<li><span>Boja: Krom<\/span><\/li>\n<li><span>Jamstvo (u godinama): 2<\/span><\/li>\n<li><span>Pove\u0107avaju\u0107i odraz: X3<\/span><\/li>\n<li><span>Napon: 220-240V<\/span><\/li>\n<li><span>Klasa za\u0161tite: Klasa II<\/span><\/li>\n<li><span>Stupanj za\u0161tite (IP): 44<\/span><\/li>\n<li><span>Sa svjetlom: Da<\/span><\/li>\n<li><span>Vrsta ruke: Cjevasta ruka<\/span><\/li>\n<li><span>Visina (mm) : 244<\/span><\/li>\n<li><span>\u0160irina (mm) : 224\u00a0<\/span><\/li>\n<li><span>Dubina (mm) : 384<\/span><\/li>\n<li><span>Promjer (mm) : 224<\/span><\/li>\n<\/ul>\n<\/div>\n<\/section>\n<p>&nbsp;<\/p>\n<p>&nbsp;<\/p>\n<p>Rok isporuke po narud\u017ebi 20 dana.<\/p>\n<p>Rok isporuke lager 2 dana.<\/p>\n","protected":false},"excerpt":{"rendered":"<p>Proizvod\u00a0 2 opcije osvjetljenja: toplo ili hladno bijelo Pove\u0107avaju\u0107i odraz x3 SmarTech\u00a9 Plavi senzor za dodir Tehni\u010dki podaci Materijal: mesing Boja: Krom Jamstvo (u godinama): 2 Pove\u0107avaju\u0107i odraz: X3 Napon: 220-240V Klasa za\u0161tite: Klasa II Stupanj za\u0161tite (IP): 44 Sa svjetlom: Da Vrsta ruke: Cjevasta ruka Visina (mm) : 244 \u0160irina (mm) : 224\u00a0 Dubina [&hellip;]<\/p>\n","protected":false},"featured_media":73030,"template":"","meta":{"_acf_changed":false},"product_brand":[],"product_cat":[349],"product_tag":[],"class_list":{"0":"post-73025","1":"product","2":"type-product","3":"status-publish","4":"has-post-thumbnail","6":"product_cat-hotelsko-svjetlece-ogledalo","8":"first","9":"onbackorder","10":"sale","11":"taxable","12":"shipping-taxable","13":"purchasable","14":"product-type-simple"},"acf":[],"_links":{"self":[{"href":"https:\/\/adhotelskaoprema.com\/en\/wp-json\/wp\/v2\/product\/73025","targetHints":{"allow":["GET"]}}],"collection":[{"href":"https:\/\/adhotelskaoprema.com\/en\/wp-json\/wp\/v2\/product"}],"about":[{"href":"https:\/\/adhotelskaoprema.com\/en\/wp-json\/wp\/v2\/types\/product"}],"wp:featuredmedia":[{"embeddable":true,"href":"https:\/\/adhotelskaoprema.com\/en\/wp-json\/wp\/v2\/media\/73030"}],"wp:attachment":[{"href":"https:\/\/adhotelskaoprema.com\/en\/wp-json\/wp\/v2\/media?parent=73025"}],"wp:term":[{"taxonomy":"product_brand","embeddable":true,"href":"https:\/\/adhotelskaoprema.com\/en\/wp-json\/wp\/v2\/product_brand?post=73025"},{"taxonomy":"product_cat","embeddable":true,"href":"https:\/\/adhotelskaoprema.com\/en\/wp-json\/wp\/v2\/product_cat?post=73025"},{"taxonomy":"product_tag","embeddable":true,"href":"https:\/\/adhotelskaoprema.com\/en\/wp-json\/wp\/v2\/product_tag?post=73025"}],"curies":[{"name":"wp","href":"https:\/\/api.w.org\/{rel}","templated":true}]}}