{"id":73021,"date":"2025-03-26T09:49:47","date_gmt":"2025-03-26T08:49:47","guid":{"rendered":"https:\/\/adhotelskaoprema.com\/?post_type=product&#038;p=73021"},"modified":"2025-04-02T13:37:02","modified_gmt":"2025-04-02T11:37:02","slug":"svjetlosno-zidno-ogledalo-eclips-ravna-ruka","status":"publish","type":"product","link":"https:\/\/adhotelskaoprema.com\/en\/proizvod\/svjetlosno-zidno-ogledalo-eclips-ravna-ruka\/","title":{"rendered":"Svjetlosno zidno ogledalo Eclips ravna ruka"},"content":{"rendered":"<section class=\"product__argu\">\n<h2 class=\"product__argu__title\">Proizvod<\/h2>\n<ul class=\"product__argu__list\">\n<li>LED rasvjeta<\/li>\n<li>Pove\u0107avaju\u0107i odraz x3<\/li>\n<li>Nije potreban elektri\u010dni priklju\u010dak<\/li>\n<\/ul>\n<\/section>\n<section>\n<h2 class=\"product__section-title js_accordion_toggle is-open\">Tehni\u010dki podaci<\/h2>\n<div class=\"js_accordion_content\">\n<ul class=\"product__features\">\n<li>Dimenzije sklopljene (mm): 195x180x90<\/li>\n<li>Materijal: mesing<\/li>\n<li>Boja: Krom<\/li>\n<li>Jamstvo (u godinama): 2<\/li>\n<li>Pove\u0107avaju\u0107i odraz: X3<\/li>\n<li>Instalacijski volumen: svezak 2<\/li>\n<li>Napon: Baterije<\/li>\n<li>Sa svjetlom: Da<\/li>\n<li>Vrsta ruke: ravna ruka<\/li>\n<li>Visina (mm) : 195<\/li>\n<li>\u0160irina (mm) : 180<\/li>\n<li>Dubina (mm) : 230<\/li>\n<li>Promjer (mm) : 180<\/li>\n<\/ul>\n<\/div>\n<\/section>\n<p>&nbsp;<\/p>\n<p>Rok isporuke po narud\u017ebi 20 dana.<\/p>\n<p>Rok isporuke lager 2 dana.<\/p>\n<section class=\"product__argu\"><\/section>\n<section>\n<div class=\"js_accordion_content\">\n<p>&nbsp;<\/p>\n<\/div>\n<\/section>\n","protected":false},"excerpt":{"rendered":"<p>Proizvod LED rasvjeta Pove\u0107avaju\u0107i odraz x3 Nije potreban elektri\u010dni priklju\u010dak Tehni\u010dki podaci Dimenzije sklopljene (mm): 195x180x90 Materijal: mesing Boja: Krom Jamstvo (u godinama): 2 Pove\u0107avaju\u0107i odraz: X3 Instalacijski volumen: svezak 2 Napon: Baterije Sa svjetlom: Da Vrsta ruke: ravna ruka Visina (mm) : 195 \u0160irina (mm) : 180 Dubina (mm) : 230 Promjer (mm) : [&hellip;]<\/p>\n","protected":false},"featured_media":73026,"template":"","meta":{"_acf_changed":false},"product_brand":[],"product_cat":[349],"product_tag":[],"class_list":{"0":"post-73021","1":"product","2":"type-product","3":"status-publish","4":"has-post-thumbnail","6":"product_cat-hotelsko-svjetlece-ogledalo","8":"first","9":"onbackorder","10":"sale","11":"taxable","12":"shipping-taxable","13":"purchasable","14":"product-type-simple"},"acf":[],"_links":{"self":[{"href":"https:\/\/adhotelskaoprema.com\/en\/wp-json\/wp\/v2\/product\/73021","targetHints":{"allow":["GET"]}}],"collection":[{"href":"https:\/\/adhotelskaoprema.com\/en\/wp-json\/wp\/v2\/product"}],"about":[{"href":"https:\/\/adhotelskaoprema.com\/en\/wp-json\/wp\/v2\/types\/product"}],"wp:featuredmedia":[{"embeddable":true,"href":"https:\/\/adhotelskaoprema.com\/en\/wp-json\/wp\/v2\/media\/73026"}],"wp:attachment":[{"href":"https:\/\/adhotelskaoprema.com\/en\/wp-json\/wp\/v2\/media?parent=73021"}],"wp:term":[{"taxonomy":"product_brand","embeddable":true,"href":"https:\/\/adhotelskaoprema.com\/en\/wp-json\/wp\/v2\/product_brand?post=73021"},{"taxonomy":"product_cat","embeddable":true,"href":"https:\/\/adhotelskaoprema.com\/en\/wp-json\/wp\/v2\/product_cat?post=73021"},{"taxonomy":"product_tag","embeddable":true,"href":"https:\/\/adhotelskaoprema.com\/en\/wp-json\/wp\/v2\/product_tag?post=73021"}],"curies":[{"name":"wp","href":"https:\/\/api.w.org\/{rel}","templated":true}]}}