{"id":72941,"date":"2025-03-24T18:03:36","date_gmt":"2025-03-24T17:03:36","guid":{"rendered":"https:\/\/adhotelskaoprema.com\/?post_type=product&#038;p=72941"},"modified":"2025-04-02T13:39:20","modified_gmt":"2025-04-02T11:39:20","slug":"svjetlosno-ogledalo-galaxy-na-postolju","status":"publish","type":"product","link":"https:\/\/adhotelskaoprema.com\/en\/proizvod\/svjetlosno-ogledalo-galaxy-na-postolju\/","title":{"rendered":"Svjetlosno ogledalo Galaxy na postolju"},"content":{"rendered":"<section class=\"product__argu\">\n<h2 class=\"product__argu__title\"><span>Proizvod\u00a0<\/span><\/h2>\n<ul class=\"product__argu__list\">\n<li><span>Dupla LED rasvjeta<\/span><\/li>\n<li><span>Pove\u0107avaju\u0107i odraz x3<\/span><\/li>\n<li><span>Nije potreban elektri\u010dni priklju\u010dak<\/span><\/li>\n<\/ul>\n<\/section>\n<section>\n<h2 class=\"product__section-title js_accordion_toggle is-open\"><span>Tehni\u010dki podaci<\/span><\/h2>\n<div class=\"js_accordion_content\">\n<ul class=\"product__features\">\n<li><span>Materijal: mesing<\/span><\/li>\n<li><span>Boja: Krom<\/span><\/li>\n<li><span>Jamstvo (u godinama): 2<\/span><\/li>\n<li><span>Pove\u0107avaju\u0107i odraz: X3<\/span><\/li>\n<li><span>Instalacijski volumen: svezak 2<\/span><\/li>\n<li><span>Napon: Baterije<\/span><\/li>\n<li><span>Sa svjetlom: Da<\/span><\/li>\n<li><span>Vrsta ruke: stolna<\/span><\/li>\n<li><span>Visina (mm) : 450\u00a0<\/span><\/li>\n<li><span>\u0160irina (mm) : 200\u00a0<\/span><\/li>\n<li><span>Dubina (mm) : 100\u00a0<\/span><\/li>\n<li><span>Promjer (mm) : 200<\/span><\/li>\n<\/ul>\n<\/div>\n<\/section>\n<p>&nbsp;<\/p>\n<p>&nbsp;<\/p>\n<p>Rok isporuke po narud\u017ebi 20 dana.<\/p>\n<p>Rok isporuke lager 2 dana.<\/p>\n","protected":false},"excerpt":{"rendered":"<p>Proizvod\u00a0 Dupla LED rasvjeta Pove\u0107avaju\u0107i odraz x3 Nije potreban elektri\u010dni priklju\u010dak Tehni\u010dki podaci Materijal: mesing Boja: Krom Jamstvo (u godinama): 2 Pove\u0107avaju\u0107i odraz: X3 Instalacijski volumen: svezak 2 Napon: Baterije Sa svjetlom: Da Vrsta ruke: stolna Visina (mm) : 450\u00a0 \u0160irina (mm) : 200\u00a0 Dubina (mm) : 100\u00a0 Promjer (mm) : 200 &nbsp; &nbsp; Rok [&hellip;]<\/p>\n","protected":false},"featured_media":72946,"template":"","meta":{"_acf_changed":false},"product_brand":[],"product_cat":[349],"product_tag":[],"class_list":{"0":"post-72941","1":"product","2":"type-product","3":"status-publish","4":"has-post-thumbnail","6":"product_cat-hotelsko-svjetlece-ogledalo","8":"first","9":"onbackorder","10":"sale","11":"taxable","12":"shipping-taxable","13":"purchasable","14":"product-type-simple"},"acf":[],"_links":{"self":[{"href":"https:\/\/adhotelskaoprema.com\/en\/wp-json\/wp\/v2\/product\/72941","targetHints":{"allow":["GET"]}}],"collection":[{"href":"https:\/\/adhotelskaoprema.com\/en\/wp-json\/wp\/v2\/product"}],"about":[{"href":"https:\/\/adhotelskaoprema.com\/en\/wp-json\/wp\/v2\/types\/product"}],"wp:featuredmedia":[{"embeddable":true,"href":"https:\/\/adhotelskaoprema.com\/en\/wp-json\/wp\/v2\/media\/72946"}],"wp:attachment":[{"href":"https:\/\/adhotelskaoprema.com\/en\/wp-json\/wp\/v2\/media?parent=72941"}],"wp:term":[{"taxonomy":"product_brand","embeddable":true,"href":"https:\/\/adhotelskaoprema.com\/en\/wp-json\/wp\/v2\/product_brand?post=72941"},{"taxonomy":"product_cat","embeddable":true,"href":"https:\/\/adhotelskaoprema.com\/en\/wp-json\/wp\/v2\/product_cat?post=72941"},{"taxonomy":"product_tag","embeddable":true,"href":"https:\/\/adhotelskaoprema.com\/en\/wp-json\/wp\/v2\/product_tag?post=72941"}],"curies":[{"name":"wp","href":"https:\/\/api.w.org\/{rel}","templated":true}]}}