{"id":72939,"date":"2025-03-24T18:04:19","date_gmt":"2025-03-24T17:04:19","guid":{"rendered":"https:\/\/adhotelskaoprema.com\/?post_type=product&#038;p=72939"},"modified":"2025-04-02T13:37:02","modified_gmt":"2025-04-02T11:37:02","slug":"svjetlosno-ogledalo-galaxy-cjevasti-krak","status":"publish","type":"product","link":"https:\/\/adhotelskaoprema.com\/en\/proizvod\/svjetlosno-ogledalo-galaxy-cjevasti-krak\/","title":{"rendered":"Svjetlosno ogledalo Galaxy cjevasta ruka"},"content":{"rendered":"<section class=\"product__argu\">\n<h2 class=\"product__argu__title\"><span>Proizvod\u00a0<\/span><\/h2>\n<ul class=\"product__argu__list\">\n<li><span>Dupla LED rasvjeta<\/span><\/li>\n<li><span>Pove\u0107avaju\u0107i odraz x3<\/span><\/li>\n<li><span>Nije potreban elektri\u010dni priklju\u010dak<\/span><\/li>\n<\/ul>\n<\/section>\n<section>\n<h2 class=\"product__section-title js_accordion_toggle is-open\"><span>Tehni\u010dki podaci<\/span><\/h2>\n<div class=\"js_accordion_content\">\n<ul class=\"product__features\">\n<li><span>Dimenzije sklopljene (mm): 290x200x65<\/span><\/li>\n<li><span>Materijal: mesing<\/span><\/li>\n<li><span>Boja: Krom<\/span><\/li>\n<li><span>Jamstvo (u godinama): 2<\/span><\/li>\n<li><span>Pove\u0107avaju\u0107i odraz: X3<\/span><\/li>\n<li><span>Instalacijski volumen: svezak 2<\/span><\/li>\n<li><span>Nazivna snaga (W): Br<\/span><\/li>\n<li><span>Napon: Baterije<\/span><\/li>\n<li><span>Sa svjetlom: Da<\/span><\/li>\n<li><span>Vrsta ruke: Cjevasta ruka<\/span><\/li>\n<li><span>Visina (mm) : 290\u00a0<\/span><\/li>\n<li><span>\u0160irina (mm) : 200\u00a0<\/span><\/li>\n<li><span>Dubina (mm) : 330<\/span><\/li>\n<li><span>Promjer (mm) : 200<\/span><\/li>\n<\/ul>\n<\/div>\n<\/section>\n<p>&nbsp;<\/p>\n<p>&nbsp;<\/p>\n<p>Rok isporuke po narud\u017ebi 20 dana.<\/p>\n<p>Rok isporuke lager 2 dana.<\/p>\n","protected":false},"excerpt":{"rendered":"<p>Proizvod\u00a0 Dupla LED rasvjeta Pove\u0107avaju\u0107i odraz x3 Nije potreban elektri\u010dni priklju\u010dak Tehni\u010dki podaci Dimenzije sklopljene (mm): 290x200x65 Materijal: mesing Boja: Krom Jamstvo (u godinama): 2 Pove\u0107avaju\u0107i odraz: X3 Instalacijski volumen: svezak 2 Nazivna snaga (W): Br Napon: Baterije Sa svjetlom: Da Vrsta ruke: Cjevasta ruka Visina (mm) : 290\u00a0 \u0160irina (mm) : 200\u00a0 Dubina (mm) [&hellip;]<\/p>\n","protected":false},"featured_media":72942,"template":"","meta":{"_acf_changed":false},"product_brand":[],"product_cat":[349],"product_tag":[],"class_list":{"0":"post-72939","1":"product","2":"type-product","3":"status-publish","4":"has-post-thumbnail","6":"product_cat-hotelsko-svjetlece-ogledalo","8":"first","9":"onbackorder","10":"sale","11":"taxable","12":"shipping-taxable","13":"purchasable","14":"product-type-simple"},"acf":[],"_links":{"self":[{"href":"https:\/\/adhotelskaoprema.com\/en\/wp-json\/wp\/v2\/product\/72939","targetHints":{"allow":["GET"]}}],"collection":[{"href":"https:\/\/adhotelskaoprema.com\/en\/wp-json\/wp\/v2\/product"}],"about":[{"href":"https:\/\/adhotelskaoprema.com\/en\/wp-json\/wp\/v2\/types\/product"}],"wp:featuredmedia":[{"embeddable":true,"href":"https:\/\/adhotelskaoprema.com\/en\/wp-json\/wp\/v2\/media\/72942"}],"wp:attachment":[{"href":"https:\/\/adhotelskaoprema.com\/en\/wp-json\/wp\/v2\/media?parent=72939"}],"wp:term":[{"taxonomy":"product_brand","embeddable":true,"href":"https:\/\/adhotelskaoprema.com\/en\/wp-json\/wp\/v2\/product_brand?post=72939"},{"taxonomy":"product_cat","embeddable":true,"href":"https:\/\/adhotelskaoprema.com\/en\/wp-json\/wp\/v2\/product_cat?post=72939"},{"taxonomy":"product_tag","embeddable":true,"href":"https:\/\/adhotelskaoprema.com\/en\/wp-json\/wp\/v2\/product_tag?post=72939"}],"curies":[{"name":"wp","href":"https:\/\/api.w.org\/{rel}","templated":true}]}}