{"id":72919,"date":"2025-03-24T17:05:10","date_gmt":"2025-03-24T16:05:10","guid":{"rendered":"https:\/\/adhotelskaoprema.com\/?post_type=product&#038;p=72919"},"modified":"2025-04-02T13:37:02","modified_gmt":"2025-04-02T11:37:02","slug":"svjetlosno-ogledalo-cosmos-cjevasta-ruka","status":"publish","type":"product","link":"https:\/\/adhotelskaoprema.com\/en\/proizvod\/svjetlosno-ogledalo-cosmos-cjevasta-ruka\/","title":{"rendered":"Svjetlosno ogledalo Cosmos cjevasta ruka"},"content":{"rendered":"<section class=\"product__argu\">\n<h2 class=\"product__argu__title\">Proizvod<\/h2>\n<ul class=\"product__argu__list\">\n<li>LED rasvjeta oko cijelog ogledala<\/li>\n<li>Pove\u0107avaju\u0107i odraz x5<\/li>\n<li>Nije potreban elektri\u010dni priklju\u010dak<\/li>\n<\/ul>\n<\/section>\n<section>\n<h2 class=\"product__section-title js_accordion_toggle is-open\">Tehni\u010dki podaci<\/h2>\n<div class=\"js_accordion_content\">\n<ul class=\"product__features\">\n<li>Dimenzije sklopljene (mm): 290x255x100<\/li>\n<li>Materijal: mesing<\/li>\n<li>Boja: Krom<\/li>\n<li>Jamstvo (u godinama): 2<\/li>\n<li>Pove\u0107avaju\u0107i odraz: X5<\/li>\n<li>Instalacijski volumen: svezak 2<\/li>\n<li>Napon: Baterije<\/li>\n<li>Sa svjetlom: Da<\/li>\n<li>Vrsta ruke: Cjevasta ruka<\/li>\n<li>Visina (mm) : 290<\/li>\n<li>\u0160irina (mm) : 255<\/li>\n<li>Dubina (mm) : 350<\/li>\n<li>Promjer (mm) : 225<\/li>\n<\/ul>\n<\/div>\n<\/section>\n<p>&nbsp;<\/p>\n<p>Rok isporuke po narud\u017ebi 20 dana.<\/p>\n<p>Rok isporuke lager 2 dana.<\/p>\n","protected":false},"excerpt":{"rendered":"<p>Proizvod LED rasvjeta oko cijelog ogledala Pove\u0107avaju\u0107i odraz x5 Nije potreban elektri\u010dni priklju\u010dak Tehni\u010dki podaci Dimenzije sklopljene (mm): 290x255x100 Materijal: mesing Boja: Krom Jamstvo (u godinama): 2 Pove\u0107avaju\u0107i odraz: X5 Instalacijski volumen: svezak 2 Napon: Baterije Sa svjetlom: Da Vrsta ruke: Cjevasta ruka Visina (mm) : 290 \u0160irina (mm) : 255 Dubina (mm) : 350 [&hellip;]<\/p>\n","protected":false},"featured_media":72922,"template":"","meta":{"_acf_changed":false},"product_brand":[],"product_cat":[349],"product_tag":[],"class_list":{"0":"post-72919","1":"product","2":"type-product","3":"status-publish","4":"has-post-thumbnail","6":"product_cat-hotelsko-svjetlece-ogledalo","8":"first","9":"onbackorder","10":"sale","11":"taxable","12":"shipping-taxable","13":"purchasable","14":"product-type-simple"},"acf":[],"_links":{"self":[{"href":"https:\/\/adhotelskaoprema.com\/en\/wp-json\/wp\/v2\/product\/72919","targetHints":{"allow":["GET"]}}],"collection":[{"href":"https:\/\/adhotelskaoprema.com\/en\/wp-json\/wp\/v2\/product"}],"about":[{"href":"https:\/\/adhotelskaoprema.com\/en\/wp-json\/wp\/v2\/types\/product"}],"wp:featuredmedia":[{"embeddable":true,"href":"https:\/\/adhotelskaoprema.com\/en\/wp-json\/wp\/v2\/media\/72922"}],"wp:attachment":[{"href":"https:\/\/adhotelskaoprema.com\/en\/wp-json\/wp\/v2\/media?parent=72919"}],"wp:term":[{"taxonomy":"product_brand","embeddable":true,"href":"https:\/\/adhotelskaoprema.com\/en\/wp-json\/wp\/v2\/product_brand?post=72919"},{"taxonomy":"product_cat","embeddable":true,"href":"https:\/\/adhotelskaoprema.com\/en\/wp-json\/wp\/v2\/product_cat?post=72919"},{"taxonomy":"product_tag","embeddable":true,"href":"https:\/\/adhotelskaoprema.com\/en\/wp-json\/wp\/v2\/product_tag?post=72919"}],"curies":[{"name":"wp","href":"https:\/\/api.w.org\/{rel}","templated":true}]}}