{"id":72831,"date":"2025-03-17T13:44:46","date_gmt":"2025-03-17T12:44:46","guid":{"rendered":"https:\/\/adhotelskaoprema.com\/?post_type=product&#038;p=72831"},"modified":"2025-04-02T13:37:03","modified_gmt":"2025-04-02T11:37:03","slug":"shield-compact-mat-crna","status":"publish","type":"product","link":"https:\/\/adhotelskaoprema.com\/en\/proizvod\/shield-compact-mat-crna\/","title":{"rendered":"Shield Compact Mat crna"},"content":{"rendered":"<p><strong>Zna\u010dajke<\/strong><\/p>\n<ul class=\"sh-gallery__features\">\n<li><span>S jedinstvenom tehnologijom: Smart Mineralisation\u00ae<\/span><\/li>\n<li><span>Dizajnirao Ramy Fischler<\/span><\/li>\n<li><span>Kompaktan i lagan<\/span><\/li>\n<li><span>Ekolo\u0161ki dizajniran do posljednjeg detalja<\/span><\/li>\n<li><span>Proizvedeno u Francuskoj<\/span><\/li>\n<\/ul>\n<h3><\/h3>\n<h3 class=\"panel__title\"><span>Tehni\u010dki podaci<\/span><\/h3>\n<div class=\"panel__details\">\n<div class=\"panel__details__text content\">\n<ul>\n<li><span>Te\u017eina: 805 grama<\/span><\/li>\n<li><span>Materijal poklopca: eloksirani aluminij<\/span><\/li>\n<li><span>Podru\u010dje pro\u010di\u0161\u0107avanja: do 20 m\u00b2<\/span><\/li>\n<li><span>2 na\u010dina rada: kontinuirano \/ poja\u010dano<\/span><\/li>\n<li><span>Napon napajanja: 12V DC<\/span><\/li>\n<li><span>Snaga: 22 W<\/span><\/li>\n<li><span>Elektri\u010dna izolacija: klasa III<\/span><\/li>\n<li><span>Mat crna: REF 8 77 2134-BK<\/span><\/li>\n<li><span>Safirno plava: REF 8 77 2134-BL<\/span><\/li>\n<li><span>Malahit zelena: REF 8 77 2134-GR<\/span><\/li>\n<li><span>Krem bijela: REF 8 77 2134-WH<\/span><\/li>\n<li><span>Zamjena filtera (\u00a0<\/span><span>REF. 5 90 2948<\/span><span>\u00a0) preporu\u010duje se svake godine<\/span><\/li>\n<li><span>Dodatni zidni nosa\u010d (REF. 2 90 3068)<\/span><\/li>\n<li><span>Univerzalni sustav protiv kra\u0111e (REF. 2 10 2097)<\/span><\/li>\n<\/ul>\n<\/div>\n<\/div>\n<p>&nbsp;<\/p>\n<p>Rok isporuke po narud\u017ebi 20 dana.<\/p>\n<p>Rok isporuke lager 2 dana.<\/p>\n","protected":false},"excerpt":{"rendered":"<p>Zna\u010dajke S jedinstvenom tehnologijom: Smart Mineralisation\u00ae Dizajnirao Ramy Fischler Kompaktan i lagan Ekolo\u0161ki dizajniran do posljednjeg detalja Proizvedeno u Francuskoj Tehni\u010dki podaci Te\u017eina: 805 grama Materijal poklopca: eloksirani aluminij Podru\u010dje pro\u010di\u0161\u0107avanja: do 20 m\u00b2 2 na\u010dina rada: kontinuirano \/ poja\u010dano Napon napajanja: 12V DC Snaga: 22 W Elektri\u010dna izolacija: klasa III Mat crna: REF 8 [&hellip;]<\/p>\n","protected":false},"featured_media":72835,"template":"","meta":{"_acf_changed":false},"product_brand":[],"product_cat":[347],"product_tag":[],"class_list":{"0":"post-72831","1":"product","2":"type-product","3":"status-publish","4":"has-post-thumbnail","6":"product_cat-shield-compact","8":"first","9":"onbackorder","10":"sale","11":"taxable","12":"shipping-taxable","13":"purchasable","14":"product-type-simple"},"acf":[],"_links":{"self":[{"href":"https:\/\/adhotelskaoprema.com\/en\/wp-json\/wp\/v2\/product\/72831","targetHints":{"allow":["GET"]}}],"collection":[{"href":"https:\/\/adhotelskaoprema.com\/en\/wp-json\/wp\/v2\/product"}],"about":[{"href":"https:\/\/adhotelskaoprema.com\/en\/wp-json\/wp\/v2\/types\/product"}],"wp:featuredmedia":[{"embeddable":true,"href":"https:\/\/adhotelskaoprema.com\/en\/wp-json\/wp\/v2\/media\/72835"}],"wp:attachment":[{"href":"https:\/\/adhotelskaoprema.com\/en\/wp-json\/wp\/v2\/media?parent=72831"}],"wp:term":[{"taxonomy":"product_brand","embeddable":true,"href":"https:\/\/adhotelskaoprema.com\/en\/wp-json\/wp\/v2\/product_brand?post=72831"},{"taxonomy":"product_cat","embeddable":true,"href":"https:\/\/adhotelskaoprema.com\/en\/wp-json\/wp\/v2\/product_cat?post=72831"},{"taxonomy":"product_tag","embeddable":true,"href":"https:\/\/adhotelskaoprema.com\/en\/wp-json\/wp\/v2\/product_tag?post=72831"}],"curies":[{"name":"wp","href":"https:\/\/api.w.org\/{rel}","templated":true}]}}