{"id":72800,"date":"2025-03-17T13:45:16","date_gmt":"2025-03-17T12:45:16","guid":{"rendered":"https:\/\/adhotelskaoprema.com\/?post_type=product&#038;p=72800"},"modified":"2025-04-02T13:37:03","modified_gmt":"2025-04-02T11:37:03","slug":"shield-malahit-zelena","status":"publish","type":"product","link":"https:\/\/adhotelskaoprema.com\/en\/proizvod\/shield-malahit-zelena\/","title":{"rendered":"Shield malahit zelena"},"content":{"rendered":"<p>Neusporedivi rezultati testirani u neovisnim laboratorijima<\/p>\n<ul>\n<li>94 DO 97% uklanjanje mije\u0161anih bakterija, plijesni i virusa u jednom prolazu.<\/li>\n<li>99,96% filtracije u odnosu na \u010destice veli\u010dine ve\u0107e ili jednake 0,3 \u03bcm.<\/li>\n<li>90% mirisa tretiranih izme\u0111u 20 i 30 min.<\/li>\n<li>79 \u00e0 96% potiskivanje alergena (pelud, grinje, dlake ku\u0107nih ljubimaca) u jednom prolazu.<\/li>\n<\/ul>\n<p><strong>Tehni\u010dki podaci<\/strong><\/p>\n<ul>\n<li>Podru\u010dje pro\u010di\u0161\u0107avanja: 20-60 m\u00b2<\/li>\n<li>Tri prostora: 20 m\u00b2 \/ 40 m\u00b2 \/ 60 m\u00b2<\/li>\n<li>2 na\u010dina rada: kontinuirano \/ poja\u010dano<\/li>\n<li>Min\/max razina buke: 38\/68 dB<\/li>\n<li>Napajanje: 200-240 V<\/li>\n<li>Maksimalna snaga: 85 W<\/li>\n<li>Materijal poklopca: epoksidni \u010delik<\/li>\n<li>Maksimalni protok zraka: 400 m\u00b3\/h<\/li>\n<li>Zamjena jezgre (ref. 8 77 2130) preporu\u010duje se svake tri godine<\/li>\n<li>Te\u017eina: 8,75 kg<\/li>\n<\/ul>\n<p>&nbsp;<\/p>\n<p>Rok isporuke po narud\u017ebi 20 dana.<\/p>\n<p>Rok isporuke lager 2 dana.<\/p>\n","protected":false},"excerpt":{"rendered":"<p>Neusporedivi rezultati testirani u neovisnim laboratorijima 94 DO 97% uklanjanje mije\u0161anih bakterija, plijesni i virusa u jednom prolazu. 99,96% filtracije u odnosu na \u010destice veli\u010dine ve\u0107e ili jednake 0,3 \u03bcm. 90% mirisa tretiranih izme\u0111u 20 i 30 min. 79 \u00e0 96% potiskivanje alergena (pelud, grinje, dlake ku\u0107nih ljubimaca) u jednom prolazu. Tehni\u010dki podaci Podru\u010dje pro\u010di\u0161\u0107avanja: [&hellip;]<\/p>\n","protected":false},"featured_media":72817,"template":"","meta":{"_acf_changed":false},"product_brand":[],"product_cat":[346],"product_tag":[],"class_list":{"0":"post-72800","1":"product","2":"type-product","3":"status-publish","4":"has-post-thumbnail","6":"product_cat-shield","8":"first","9":"onbackorder","10":"sale","11":"taxable","12":"shipping-taxable","13":"purchasable","14":"product-type-simple"},"acf":[],"_links":{"self":[{"href":"https:\/\/adhotelskaoprema.com\/en\/wp-json\/wp\/v2\/product\/72800","targetHints":{"allow":["GET"]}}],"collection":[{"href":"https:\/\/adhotelskaoprema.com\/en\/wp-json\/wp\/v2\/product"}],"about":[{"href":"https:\/\/adhotelskaoprema.com\/en\/wp-json\/wp\/v2\/types\/product"}],"wp:featuredmedia":[{"embeddable":true,"href":"https:\/\/adhotelskaoprema.com\/en\/wp-json\/wp\/v2\/media\/72817"}],"wp:attachment":[{"href":"https:\/\/adhotelskaoprema.com\/en\/wp-json\/wp\/v2\/media?parent=72800"}],"wp:term":[{"taxonomy":"product_brand","embeddable":true,"href":"https:\/\/adhotelskaoprema.com\/en\/wp-json\/wp\/v2\/product_brand?post=72800"},{"taxonomy":"product_cat","embeddable":true,"href":"https:\/\/adhotelskaoprema.com\/en\/wp-json\/wp\/v2\/product_cat?post=72800"},{"taxonomy":"product_tag","embeddable":true,"href":"https:\/\/adhotelskaoprema.com\/en\/wp-json\/wp\/v2\/product_tag?post=72800"}],"curies":[{"name":"wp","href":"https:\/\/api.w.org\/{rel}","templated":true}]}}