{"id":72713,"date":"2025-03-13T14:41:36","date_gmt":"2025-03-13T13:41:36","guid":{"rendered":"https:\/\/adhotelskaoprema.com\/?post_type=product&#038;p=72713"},"modified":"2025-04-02T13:37:04","modified_gmt":"2025-04-02T11:37:04","slug":"ladica-tribe","status":"publish","type":"product","link":"https:\/\/adhotelskaoprema.com\/en\/proizvod\/ladica-tribe\/","title":{"rendered":"Ladica Tribe"},"content":{"rendered":"<section class=\"product__argu\">\n<h2 class=\"product__argu__title\"><span>Proizvod\u00a0<\/span><\/h2>\n<ul class=\"product__argu__list\">\n<li><span>Vrlo kompaktan<\/span><\/li>\n<li><span>3 pretinca<\/span><\/li>\n<li><span>Klizi protiv klizanja<\/span><\/li>\n<\/ul>\n<\/section>\n<section>\n<h2 class=\"product__section-title js_accordion_toggle is-open\"><span>Tehni\u010dki podaci<\/span><\/h2>\n<div class=\"js_accordion_content\">\n<ul class=\"product__features\">\n<li><span>Materijal: umjetna ko\u017ea<\/span><\/li>\n<li><span>Boja: Siva<\/span><\/li>\n<li><span>Visina (mm) : 400<\/span><\/li>\n<li><span>\u0160irina (mm) : 370<\/span><\/li>\n<li><span>Dubina (mm) : 170<\/span><\/li>\n<\/ul>\n<\/div>\n<\/section>\n<p>&nbsp;<\/p>\n<p>&nbsp;<\/p>\n<p>Rok isporuke po narud\u017ebi 20 dana.<\/p>\n<p>Rok isporuke lager 2 dana.<\/p>\n","protected":false},"excerpt":{"rendered":"<p>Proizvod\u00a0 Vrlo kompaktan 3 pretinca Klizi protiv klizanja Tehni\u010dki podaci Materijal: umjetna ko\u017ea Boja: Siva Visina (mm) : 400 \u0160irina (mm) : 370 Dubina (mm) : 170 &nbsp; &nbsp; Rok isporuke po narud\u017ebi 20 dana. Rok isporuke lager 2 dana.<\/p>\n","protected":false},"featured_media":72714,"template":"","meta":{"_acf_changed":false},"product_brand":[],"product_cat":[344],"product_tag":[],"class_list":{"0":"post-72713","1":"product","2":"type-product","3":"status-publish","4":"has-post-thumbnail","6":"product_cat-kolekcija-tribe","8":"first","9":"onbackorder","10":"sale","11":"taxable","12":"shipping-taxable","13":"purchasable","14":"product-type-simple"},"acf":[],"_links":{"self":[{"href":"https:\/\/adhotelskaoprema.com\/en\/wp-json\/wp\/v2\/product\/72713","targetHints":{"allow":["GET"]}}],"collection":[{"href":"https:\/\/adhotelskaoprema.com\/en\/wp-json\/wp\/v2\/product"}],"about":[{"href":"https:\/\/adhotelskaoprema.com\/en\/wp-json\/wp\/v2\/types\/product"}],"wp:featuredmedia":[{"embeddable":true,"href":"https:\/\/adhotelskaoprema.com\/en\/wp-json\/wp\/v2\/media\/72714"}],"wp:attachment":[{"href":"https:\/\/adhotelskaoprema.com\/en\/wp-json\/wp\/v2\/media?parent=72713"}],"wp:term":[{"taxonomy":"product_brand","embeddable":true,"href":"https:\/\/adhotelskaoprema.com\/en\/wp-json\/wp\/v2\/product_brand?post=72713"},{"taxonomy":"product_cat","embeddable":true,"href":"https:\/\/adhotelskaoprema.com\/en\/wp-json\/wp\/v2\/product_cat?post=72713"},{"taxonomy":"product_tag","embeddable":true,"href":"https:\/\/adhotelskaoprema.com\/en\/wp-json\/wp\/v2\/product_tag?post=72713"}],"curies":[{"name":"wp","href":"https:\/\/api.w.org\/{rel}","templated":true}]}}