{"id":72704,"date":"2025-03-13T14:41:43","date_gmt":"2025-03-13T13:41:43","guid":{"rendered":"https:\/\/adhotelskaoprema.com\/?post_type=product&#038;p=72704"},"modified":"2025-04-02T13:37:04","modified_gmt":"2025-04-02T11:37:04","slug":"kanta-za-sortiranje-tribe","status":"publish","type":"product","link":"https:\/\/adhotelskaoprema.com\/en\/proizvod\/kanta-za-sortiranje-tribe\/","title":{"rendered":"Kanta za sortiranje Tribe"},"content":{"rendered":"<section class=\"product__argu\">\n<h2 class=\"product__argu__title\"><span>Proizvod\u00a0<\/span><\/h2>\n<ul class=\"product__argu__list\">\n<li><span>Tkani zavr\u0161etak<\/span><\/li>\n<li><span>2 metalna unutarnja pladnja s ru\u010dkama<\/span><\/li>\n<li><span>Klizi protiv klizanja<\/span><\/li>\n<\/ul>\n<\/section>\n<section>\n<h2 class=\"product__section-title js_accordion_toggle is-open\"><span>Tehni\u010dki podaci<\/span><\/h2>\n<div class=\"js_accordion_content\">\n<ul class=\"product__features\">\n<li><span>Materijal: umjetna ko\u017ea<\/span><\/li>\n<li><span>Boja: Siva<\/span><\/li>\n<li><span>Volumen (L): 16.0000<\/span><\/li>\n<li><span>Broj posuda: 2<\/span><\/li>\n<li><span>Dvostruki zid: Da<\/span><\/li>\n<li><span>Visina (mm) : 300\u00a0<\/span><\/li>\n<li><span>\u0160irina (mm) : 320\u00a0<\/span><\/li>\n<li><span>Dubina (mm) : 280<\/span><\/li>\n<\/ul>\n<\/div>\n<\/section>\n<p>&nbsp;<\/p>\n<p>&nbsp;<\/p>\n<p>Rok isporuke po narud\u017ebi 20 dana.<\/p>\n<p>Rok isporuke lager 2 dana.<\/p>\n","protected":false},"excerpt":{"rendered":"<p>Proizvod\u00a0 Tkani zavr\u0161etak 2 metalna unutarnja pladnja s ru\u010dkama Klizi protiv klizanja Tehni\u010dki podaci Materijal: umjetna ko\u017ea Boja: Siva Volumen (L): 16.0000 Broj posuda: 2 Dvostruki zid: Da Visina (mm) : 300\u00a0 \u0160irina (mm) : 320\u00a0 Dubina (mm) : 280 &nbsp; &nbsp; Rok isporuke po narud\u017ebi 20 dana. Rok isporuke lager 2 dana.<\/p>\n","protected":false},"featured_media":72705,"template":"","meta":{"_acf_changed":false},"product_brand":[],"product_cat":[344],"product_tag":[],"class_list":{"0":"post-72704","1":"product","2":"type-product","3":"status-publish","4":"has-post-thumbnail","6":"product_cat-kolekcija-tribe","8":"first","9":"onbackorder","10":"sale","11":"taxable","12":"shipping-taxable","13":"purchasable","14":"product-type-simple"},"acf":[],"_links":{"self":[{"href":"https:\/\/adhotelskaoprema.com\/en\/wp-json\/wp\/v2\/product\/72704","targetHints":{"allow":["GET"]}}],"collection":[{"href":"https:\/\/adhotelskaoprema.com\/en\/wp-json\/wp\/v2\/product"}],"about":[{"href":"https:\/\/adhotelskaoprema.com\/en\/wp-json\/wp\/v2\/types\/product"}],"wp:featuredmedia":[{"embeddable":true,"href":"https:\/\/adhotelskaoprema.com\/en\/wp-json\/wp\/v2\/media\/72705"}],"wp:attachment":[{"href":"https:\/\/adhotelskaoprema.com\/en\/wp-json\/wp\/v2\/media?parent=72704"}],"wp:term":[{"taxonomy":"product_brand","embeddable":true,"href":"https:\/\/adhotelskaoprema.com\/en\/wp-json\/wp\/v2\/product_brand?post=72704"},{"taxonomy":"product_cat","embeddable":true,"href":"https:\/\/adhotelskaoprema.com\/en\/wp-json\/wp\/v2\/product_cat?post=72704"},{"taxonomy":"product_tag","embeddable":true,"href":"https:\/\/adhotelskaoprema.com\/en\/wp-json\/wp\/v2\/product_tag?post=72704"}],"curies":[{"name":"wp","href":"https:\/\/api.w.org\/{rel}","templated":true}]}}