{"id":72663,"date":"2025-03-13T11:04:29","date_gmt":"2025-03-13T10:04:29","guid":{"rendered":"https:\/\/adhotelskaoprema.com\/?post_type=product&#038;p=72663"},"modified":"2025-04-02T13:37:05","modified_gmt":"2025-04-02T11:37:05","slug":"pladanj-tangerine","status":"publish","type":"product","link":"https:\/\/adhotelskaoprema.com\/en\/proizvod\/pladanj-tangerine\/","title":{"rendered":"Pladanj Tangerine"},"content":{"rendered":"<section class=\"product__argu\">\n<h2 class=\"product__argu__title\"><span>Proizvod\u00a0<\/span><\/h2>\n<ul class=\"product__argu__list\">\n<li><span>Poslu\u017eavnik idealan za smje\u0161taj kuhala za vodu<\/span><\/li>\n<li><span>Jednostavan za \u010di\u0161\u0107enje<\/span><\/li>\n<li><span>Klizi protiv klizanja<\/span><\/li>\n<\/ul>\n<\/section>\n<section>\n<h2 class=\"product__section-title js_accordion_toggle is-open\"><span>Tehni\u010dki podaci<\/span><\/h2>\n<div class=\"js_accordion_content\">\n<ul class=\"product__features\">\n<li><span>Materijal: umjetna ko\u017ea<\/span><\/li>\n<li><span>Boja: naran\u010dasta<\/span><\/li>\n<li><span>Visina (mm) : 300<\/span><\/li>\n<li><span>\u0160irina (mm) : 400\u00a0<\/span><\/li>\n<li><span>Dubina (mm) : 30<\/span><\/li>\n<\/ul>\n<\/div>\n<\/section>\n<p>&nbsp;<\/p>\n<p>&nbsp;<\/p>\n<p>Rok isporuke po narud\u017ebi 20 dana.<\/p>\n<p>Rok isporuke lager 2 dana.<\/p>\n","protected":false},"excerpt":{"rendered":"<p>Proizvod\u00a0 Poslu\u017eavnik idealan za smje\u0161taj kuhala za vodu Jednostavan za \u010di\u0161\u0107enje Klizi protiv klizanja Tehni\u010dki podaci Materijal: umjetna ko\u017ea Boja: naran\u010dasta Visina (mm) : 300 \u0160irina (mm) : 400\u00a0 Dubina (mm) : 30 &nbsp; &nbsp; Rok isporuke po narud\u017ebi 20 dana. Rok isporuke lager 2 dana.<\/p>\n","protected":false},"featured_media":72664,"template":"","meta":{"_acf_changed":false},"product_brand":[],"product_cat":[343],"product_tag":[],"class_list":{"0":"post-72663","1":"product","2":"type-product","3":"status-publish","4":"has-post-thumbnail","6":"product_cat-kolekcija-tangerina","8":"first","9":"onbackorder","10":"sale","11":"taxable","12":"shipping-taxable","13":"purchasable","14":"product-type-simple"},"acf":[],"_links":{"self":[{"href":"https:\/\/adhotelskaoprema.com\/en\/wp-json\/wp\/v2\/product\/72663","targetHints":{"allow":["GET"]}}],"collection":[{"href":"https:\/\/adhotelskaoprema.com\/en\/wp-json\/wp\/v2\/product"}],"about":[{"href":"https:\/\/adhotelskaoprema.com\/en\/wp-json\/wp\/v2\/types\/product"}],"wp:featuredmedia":[{"embeddable":true,"href":"https:\/\/adhotelskaoprema.com\/en\/wp-json\/wp\/v2\/media\/72664"}],"wp:attachment":[{"href":"https:\/\/adhotelskaoprema.com\/en\/wp-json\/wp\/v2\/media?parent=72663"}],"wp:term":[{"taxonomy":"product_brand","embeddable":true,"href":"https:\/\/adhotelskaoprema.com\/en\/wp-json\/wp\/v2\/product_brand?post=72663"},{"taxonomy":"product_cat","embeddable":true,"href":"https:\/\/adhotelskaoprema.com\/en\/wp-json\/wp\/v2\/product_cat?post=72663"},{"taxonomy":"product_tag","embeddable":true,"href":"https:\/\/adhotelskaoprema.com\/en\/wp-json\/wp\/v2\/product_tag?post=72663"}],"curies":[{"name":"wp","href":"https:\/\/api.w.org\/{rel}","templated":true}]}}