{"id":72493,"date":"2025-03-10T15:07:26","date_gmt":"2025-03-10T14:07:26","guid":{"rendered":"https:\/\/adhotelskaoprema.com\/?post_type=product&#038;p=72493"},"modified":"2025-04-02T13:37:07","modified_gmt":"2025-04-02T11:37:07","slug":"pladanj-anglo","status":"publish","type":"product","link":"https:\/\/adhotelskaoprema.com\/en\/proizvod\/pladanj-anglo\/","title":{"rendered":"Pladanj Anglo"},"content":{"rendered":"<section class=\"product__argu\">\n<h2 class=\"product__argu__title\"><span>Proizvod\u00a0<\/span><\/h2>\n<ul class=\"product__argu__list\">\n<li><span>Visokokvalitetna obrada od bron\u010dane i sive ko\u017ee<\/span><\/li>\n<li><span>Idealan prijemni pladanj za prezentaciju va\u0161ih toplih napitaka<\/span><\/li>\n<li><span>Vodoodbojna sinteti\u010dka ko\u017ea<\/span><\/li>\n<\/ul>\n<\/section>\n<section>\n<h2 class=\"product__section-title js_accordion_toggle is-open\"><span>Tehni\u010dki podaci<\/span><\/h2>\n<div class=\"js_accordion_content\">\n<ul class=\"product__features\">\n<li><span>Materijal: umjetna ko\u017ea<\/span><\/li>\n<li><span>Boja: Siva<\/span><\/li>\n<li><span>Visina (mm) : 60<\/span><\/li>\n<li><span>\u0160irina (mm) : 410\u00a0<\/span><\/li>\n<li><span>Dubina (mm) : 295<\/span><\/li>\n<\/ul>\n<\/div>\n<\/section>\n<p>&nbsp;<\/p>\n<p>&nbsp;<\/p>\n<p>Rok isporuke po narud\u017ebi 20 dana.<\/p>\n<p>Rok isporuke lager 2 dana.<\/p>\n","protected":false},"excerpt":{"rendered":"<p>Proizvod\u00a0 Visokokvalitetna obrada od bron\u010dane i sive ko\u017ee Idealan prijemni pladanj za prezentaciju va\u0161ih toplih napitaka Vodoodbojna sinteti\u010dka ko\u017ea Tehni\u010dki podaci Materijal: umjetna ko\u017ea Boja: Siva Visina (mm) : 60 \u0160irina (mm) : 410\u00a0 Dubina (mm) : 295 &nbsp; &nbsp; Rok isporuke po narud\u017ebi 20 dana. Rok isporuke lager 2 dana.<\/p>\n","protected":false},"featured_media":72498,"template":"","meta":{"_acf_changed":false},"product_brand":[],"product_cat":[339],"product_tag":[],"class_list":{"0":"post-72493","1":"product","2":"type-product","3":"status-publish","4":"has-post-thumbnail","6":"product_cat-kolekcija-anglo","8":"first","9":"onbackorder","10":"sale","11":"taxable","12":"shipping-taxable","13":"purchasable","14":"product-type-simple"},"acf":[],"_links":{"self":[{"href":"https:\/\/adhotelskaoprema.com\/en\/wp-json\/wp\/v2\/product\/72493","targetHints":{"allow":["GET"]}}],"collection":[{"href":"https:\/\/adhotelskaoprema.com\/en\/wp-json\/wp\/v2\/product"}],"about":[{"href":"https:\/\/adhotelskaoprema.com\/en\/wp-json\/wp\/v2\/types\/product"}],"wp:featuredmedia":[{"embeddable":true,"href":"https:\/\/adhotelskaoprema.com\/en\/wp-json\/wp\/v2\/media\/72498"}],"wp:attachment":[{"href":"https:\/\/adhotelskaoprema.com\/en\/wp-json\/wp\/v2\/media?parent=72493"}],"wp:term":[{"taxonomy":"product_brand","embeddable":true,"href":"https:\/\/adhotelskaoprema.com\/en\/wp-json\/wp\/v2\/product_brand?post=72493"},{"taxonomy":"product_cat","embeddable":true,"href":"https:\/\/adhotelskaoprema.com\/en\/wp-json\/wp\/v2\/product_cat?post=72493"},{"taxonomy":"product_tag","embeddable":true,"href":"https:\/\/adhotelskaoprema.com\/en\/wp-json\/wp\/v2\/product_tag?post=72493"}],"curies":[{"name":"wp","href":"https:\/\/api.w.org\/{rel}","templated":true}]}}