{"id":72467,"date":"2025-03-10T14:45:11","date_gmt":"2025-03-10T13:45:11","guid":{"rendered":"https:\/\/adhotelskaoprema.com\/?post_type=product&#038;p=72467"},"modified":"2025-04-02T13:37:08","modified_gmt":"2025-04-02T11:37:08","slug":"mali-pladanj-savanna","status":"publish","type":"product","link":"https:\/\/adhotelskaoprema.com\/en\/proizvod\/mali-pladanj-savanna\/","title":{"rendered":"Mali pladanj Savanna"},"content":{"rendered":"<section class=\"product__argu\">\n<h2 class=\"product__argu__title\"><span>Proizvod\u00a0<\/span><\/h2>\n<ul class=\"product__argu__list\">\n<li><span>Izra\u0111en od visokokvalitetne smole<\/span><\/li>\n<li><span>Otporan na vodu<\/span><\/li>\n<li><span>Jednostavan za \u010di\u0161\u0107enje<\/span><\/li>\n<\/ul>\n<\/section>\n<section>\n<h2 class=\"product__section-title js_accordion_toggle is-open\"><span>Tehni\u010dki podaci<\/span><\/h2>\n<div class=\"js_accordion_content\">\n<ul class=\"product__features\">\n<li><span>Materijal: Melamin<\/span><\/li>\n<li><span>Boja: pijesak<\/span><\/li>\n<li><span>Visina (mm) : 20\u00a0<\/span><\/li>\n<li><span>\u0160irina (mm) : 280<\/span><\/li>\n<li><span>Dubina (mm) : 100<\/span><\/li>\n<\/ul>\n<\/div>\n<\/section>\n<p>&nbsp;<\/p>\n<p>&nbsp;<\/p>\n<p>Rok isporuke po narud\u017ebi 20 dana.<\/p>\n<p>Rok isporuke lager 2 dana.<\/p>\n","protected":false},"excerpt":{"rendered":"<p>Proizvod\u00a0 Izra\u0111en od visokokvalitetne smole Otporan na vodu Jednostavan za \u010di\u0161\u0107enje Tehni\u010dki podaci Materijal: Melamin Boja: pijesak Visina (mm) : 20\u00a0 \u0160irina (mm) : 280 Dubina (mm) : 100 &nbsp; &nbsp; Rok isporuke po narud\u017ebi 20 dana. Rok isporuke lager 2 dana.<\/p>\n","protected":false},"featured_media":72481,"template":"","meta":{"_acf_changed":false},"product_brand":[],"product_cat":[338],"product_tag":[],"class_list":{"0":"post-72467","1":"product","2":"type-product","3":"status-publish","4":"has-post-thumbnail","6":"product_cat-kolekcija-savana","8":"first","9":"onbackorder","10":"sale","11":"taxable","12":"shipping-taxable","13":"purchasable","14":"product-type-simple"},"acf":[],"_links":{"self":[{"href":"https:\/\/adhotelskaoprema.com\/en\/wp-json\/wp\/v2\/product\/72467","targetHints":{"allow":["GET"]}}],"collection":[{"href":"https:\/\/adhotelskaoprema.com\/en\/wp-json\/wp\/v2\/product"}],"about":[{"href":"https:\/\/adhotelskaoprema.com\/en\/wp-json\/wp\/v2\/types\/product"}],"wp:featuredmedia":[{"embeddable":true,"href":"https:\/\/adhotelskaoprema.com\/en\/wp-json\/wp\/v2\/media\/72481"}],"wp:attachment":[{"href":"https:\/\/adhotelskaoprema.com\/en\/wp-json\/wp\/v2\/media?parent=72467"}],"wp:term":[{"taxonomy":"product_brand","embeddable":true,"href":"https:\/\/adhotelskaoprema.com\/en\/wp-json\/wp\/v2\/product_brand?post=72467"},{"taxonomy":"product_cat","embeddable":true,"href":"https:\/\/adhotelskaoprema.com\/en\/wp-json\/wp\/v2\/product_cat?post=72467"},{"taxonomy":"product_tag","embeddable":true,"href":"https:\/\/adhotelskaoprema.com\/en\/wp-json\/wp\/v2\/product_tag?post=72467"}],"curies":[{"name":"wp","href":"https:\/\/api.w.org\/{rel}","templated":true}]}}