{"id":72314,"date":"2025-03-10T10:20:02","date_gmt":"2025-03-10T09:20:02","guid":{"rendered":"https:\/\/adhotelskaoprema.com\/?post_type=product&#038;p=72314"},"modified":"2025-04-02T13:37:10","modified_gmt":"2025-04-02T11:37:10","slug":"mala-ladica-kaizen","status":"publish","type":"product","link":"https:\/\/adhotelskaoprema.com\/en\/proizvod\/mala-ladica-kaizen\/","title":{"rendered":"Mala ladica Kaizen"},"content":{"rendered":"<section class=\"product__argu\">\n<h2 class=\"product__argu__title\"><span>Proizvod\u00a0<\/span><\/h2>\n<ul class=\"product__argu__list\">\n<li><span>Vrlo kompaktan<\/span><\/li>\n<li><span>Jednostavan za \u010di\u0161\u0107enje<\/span><\/li>\n<\/ul>\n<\/section>\n<section>\n<h2 class=\"product__section-title js_accordion_toggle is-open\">Tehni\u010dki podaci<\/h2>\n<div class=\"js_accordion_content\">\n<ul class=\"product__features\">\n<li>Materijal: umjetna ko\u017ea<\/li>\n<li>Boja: be\u017e<\/li>\n<li>Visina (mm) : 80<\/li>\n<li>\u0160irina (mm) : 300<\/li>\n<li>Dubina (mm) : 340<\/li>\n<\/ul>\n<\/div>\n<p>&nbsp;<\/p>\n<p>Rok isporuke po narud\u017ebi 20 dana.<\/p>\n<p>Rok isporuke lager 2 dana.<\/p>\n<p>&nbsp;<\/p>\n<\/section>\n","protected":false},"excerpt":{"rendered":"<p>Proizvod\u00a0 Vrlo kompaktan Jednostavan za \u010di\u0161\u0107enje Tehni\u010dki podaci Materijal: umjetna ko\u017ea Boja: be\u017e Visina (mm) : 80 \u0160irina (mm) : 300 Dubina (mm) : 340 &nbsp; Rok isporuke po narud\u017ebi 20 dana. Rok isporuke lager 2 dana. &nbsp;<\/p>\n","protected":false},"featured_media":72316,"template":"","meta":{"_acf_changed":false},"product_brand":[],"product_cat":[336],"product_tag":[],"class_list":{"0":"post-72314","1":"product","2":"type-product","3":"status-publish","4":"has-post-thumbnail","6":"product_cat-kaizen-kolekcija","8":"first","9":"onbackorder","10":"sale","11":"taxable","12":"shipping-taxable","13":"purchasable","14":"product-type-simple"},"acf":[],"_links":{"self":[{"href":"https:\/\/adhotelskaoprema.com\/en\/wp-json\/wp\/v2\/product\/72314","targetHints":{"allow":["GET"]}}],"collection":[{"href":"https:\/\/adhotelskaoprema.com\/en\/wp-json\/wp\/v2\/product"}],"about":[{"href":"https:\/\/adhotelskaoprema.com\/en\/wp-json\/wp\/v2\/types\/product"}],"wp:featuredmedia":[{"embeddable":true,"href":"https:\/\/adhotelskaoprema.com\/en\/wp-json\/wp\/v2\/media\/72316"}],"wp:attachment":[{"href":"https:\/\/adhotelskaoprema.com\/en\/wp-json\/wp\/v2\/media?parent=72314"}],"wp:term":[{"taxonomy":"product_brand","embeddable":true,"href":"https:\/\/adhotelskaoprema.com\/en\/wp-json\/wp\/v2\/product_brand?post=72314"},{"taxonomy":"product_cat","embeddable":true,"href":"https:\/\/adhotelskaoprema.com\/en\/wp-json\/wp\/v2\/product_cat?post=72314"},{"taxonomy":"product_tag","embeddable":true,"href":"https:\/\/adhotelskaoprema.com\/en\/wp-json\/wp\/v2\/product_tag?post=72314"}],"curies":[{"name":"wp","href":"https:\/\/api.w.org\/{rel}","templated":true}]}}