{"id":7160,"date":"2024-02-09T12:18:46","date_gmt":"2024-02-09T11:18:46","guid":{"rendered":"https:\/\/adhotelskaoprema.com\/?post_type=product&#038;p=7160"},"modified":"2024-03-25T12:53:04","modified_gmt":"2024-03-25T11:53:04","slug":"visilica-mapa-max-5-varijacija","status":"publish","type":"product","link":"https:\/\/adhotelskaoprema.com\/en\/proizvod\/visilica-mapa-max-5-varijacija\/","title":{"rendered":"Visilica Mapa max 5 (VARIJACIJA)"},"content":{"rendered":"<p>Opis:<br \/>\nKromirani okvir. Difuzor od puhanog stakla s unutarnjim ukrasom od aluminijske \u017eice. Ovjesi s \u010deli\u010dnom sajlom podesive duljine putem ure\u0111aja za automatsko zaustavljanje sajle.<\/p>\n<p>Dimenzije: duljina 1050 x visina min 540 \/ max 1100 x dubina 540 mm.<\/p>\n<p>Rok isporuke 15 dana.<\/p>\n","protected":false},"excerpt":{"rendered":"<p>Opis: Kromirani okvir. Difuzor od puhanog stakla s unutarnjim ukrasom od aluminijske \u017eice. Ovjesi s \u010deli\u010dnom sajlom podesive duljine putem ure\u0111aja za automatsko zaustavljanje sajle. Dimenzije: duljina 1050 x visina min 540 \/ max 1100 x dubina 540 mm. Rok isporuke 15 dana.<\/p>\n","protected":false},"featured_media":3099,"template":"","meta":{"_acf_changed":false},"product_brand":[],"product_cat":[161],"product_tag":[],"class_list":{"0":"post-7160","1":"product","2":"type-product","3":"status-publish","4":"has-post-thumbnail","6":"product_cat-unutarnja-rasvjeta-visilice","8":"first","9":"instock","10":"taxable","11":"shipping-taxable","12":"purchasable","13":"product-type-variable"},"acf":[],"_links":{"self":[{"href":"https:\/\/adhotelskaoprema.com\/en\/wp-json\/wp\/v2\/product\/7160","targetHints":{"allow":["GET"]}}],"collection":[{"href":"https:\/\/adhotelskaoprema.com\/en\/wp-json\/wp\/v2\/product"}],"about":[{"href":"https:\/\/adhotelskaoprema.com\/en\/wp-json\/wp\/v2\/types\/product"}],"wp:featuredmedia":[{"embeddable":true,"href":"https:\/\/adhotelskaoprema.com\/en\/wp-json\/wp\/v2\/media\/3099"}],"wp:attachment":[{"href":"https:\/\/adhotelskaoprema.com\/en\/wp-json\/wp\/v2\/media?parent=7160"}],"wp:term":[{"taxonomy":"product_brand","embeddable":true,"href":"https:\/\/adhotelskaoprema.com\/en\/wp-json\/wp\/v2\/product_brand?post=7160"},{"taxonomy":"product_cat","embeddable":true,"href":"https:\/\/adhotelskaoprema.com\/en\/wp-json\/wp\/v2\/product_cat?post=7160"},{"taxonomy":"product_tag","embeddable":true,"href":"https:\/\/adhotelskaoprema.com\/en\/wp-json\/wp\/v2\/product_tag?post=7160"}],"curies":[{"name":"wp","href":"https:\/\/api.w.org\/{rel}","templated":true}]}}