{"id":71467,"date":"2025-02-04T17:13:33","date_gmt":"2025-02-04T16:13:33","guid":{"rendered":"https:\/\/adhotelskaoprema.com\/?post_type=product&#038;p=71467"},"modified":"2025-03-21T22:00:36","modified_gmt":"2025-03-21T21:00:36","slug":"papoutsanis-djecji-sapun-15-gr-50-komada","status":"publish","type":"product","link":"https:\/\/adhotelskaoprema.com\/en\/proizvod\/papoutsanis-djecji-sapun-15-gr-50-komada\/","title":{"rendered":"PAPOUTSANIS DJE\u010cJI SAPUN 15 GR (50 komada)"},"content":{"rendered":"<p>Hrani bez iritacije osjetljive dje\u010dje ko\u017ee. Sadr\u017ei blaga sredstva za \u010di\u0161\u0107enje prirodnog podrijetla, dermatogoli\u010dki i oftalmolo\u0161ki ispitana s formulom koja ne pecka za o\u010di. Ne sadr\u017ei alergene, parabene, mineralna ulja, propilen glikol, etanolamin, silikone i boje<\/p>\n","protected":false},"excerpt":{"rendered":"<p>Hrani bez iritacije osjetljive dje\u010dje ko\u017ee. Sadr\u017ei blaga sredstva za \u010di\u0161\u0107enje prirodnog podrijetla, dermatogoli\u010dki i oftalmolo\u0161ki ispitana s formulom koja ne pecka za o\u010di. Ne sadr\u017ei alergene, parabene, mineralna ulja, propilen glikol, etanolamin, silikone i boje<\/p>\n","protected":false},"featured_media":71471,"template":"","meta":{"_acf_changed":false},"product_brand":[],"product_cat":[331],"product_tag":[],"class_list":{"0":"post-71467","1":"product","2":"type-product","3":"status-publish","4":"has-post-thumbnail","6":"product_cat-hotelska-kozmetika-za-djecu","8":"first","9":"instock","10":"sale","11":"taxable","12":"shipping-taxable","13":"purchasable","14":"product-type-simple"},"acf":[],"_links":{"self":[{"href":"https:\/\/adhotelskaoprema.com\/en\/wp-json\/wp\/v2\/product\/71467","targetHints":{"allow":["GET"]}}],"collection":[{"href":"https:\/\/adhotelskaoprema.com\/en\/wp-json\/wp\/v2\/product"}],"about":[{"href":"https:\/\/adhotelskaoprema.com\/en\/wp-json\/wp\/v2\/types\/product"}],"wp:featuredmedia":[{"embeddable":true,"href":"https:\/\/adhotelskaoprema.com\/en\/wp-json\/wp\/v2\/media\/71471"}],"wp:attachment":[{"href":"https:\/\/adhotelskaoprema.com\/en\/wp-json\/wp\/v2\/media?parent=71467"}],"wp:term":[{"taxonomy":"product_brand","embeddable":true,"href":"https:\/\/adhotelskaoprema.com\/en\/wp-json\/wp\/v2\/product_brand?post=71467"},{"taxonomy":"product_cat","embeddable":true,"href":"https:\/\/adhotelskaoprema.com\/en\/wp-json\/wp\/v2\/product_cat?post=71467"},{"taxonomy":"product_tag","embeddable":true,"href":"https:\/\/adhotelskaoprema.com\/en\/wp-json\/wp\/v2\/product_tag?post=71467"}],"curies":[{"name":"wp","href":"https:\/\/api.w.org\/{rel}","templated":true}]}}