{"id":71427,"date":"2025-02-04T16:41:47","date_gmt":"2025-02-04T15:41:47","guid":{"rendered":"https:\/\/adhotelskaoprema.com\/?post_type=product&#038;p=71427"},"modified":"2025-04-14T10:41:59","modified_gmt":"2025-04-14T08:41:59","slug":"olivia-sampon-sa-regeneratorom-440ml","status":"publish","type":"product","link":"https:\/\/adhotelskaoprema.com\/en\/proizvod\/olivia-sampon-sa-regeneratorom-440ml\/","title":{"rendered":"OLIVIA \u0160AMPON SA REGENERATOROM 440ML"},"content":{"rendered":"<p>Unikatna linija hotelske kozmetike oboga\u0107ena \u010distim maslinovim uljem, organskim listovima masline te prirodnim ekstraktom masline \u2013 cijelo drvo masline u jednoj bo\u010dici!<br \/>\nPrema Gr\u010dkoj proizvodnji kozmetike aspolutno svi dijelovi drveta masline su blagotvorni.<br \/>\nOlivia linija pru\u017ea pravi mediteranski osje\u0107aj.<br \/>\nOlivia liniju karakterizira veganska formula i veganski certifikat.<br \/>\n93% sastojaka je prirodnog porijekla.<br \/>\nVisoko kvalitetan sastav sa dodatkom pantenola i vitamina E.<br \/>\nO\u010daravaju\u0107i mirisi bergamota, breskve, cvijeta bijelog mo\u0161usa i lavande zadovoljiti \u0107e sva Va\u0161a osjetila<\/p>\n","protected":false},"excerpt":{"rendered":"<p>Unikatna linija hotelske kozmetike oboga\u0107ena \u010distim maslinovim uljem, organskim listovima masline te prirodnim ekstraktom masline \u2013 cijelo drvo masline u jednoj bo\u010dici! Prema Gr\u010dkoj proizvodnji kozmetike aspolutno svi dijelovi drveta masline su blagotvorni. Olivia linija pru\u017ea pravi mediteranski osje\u0107aj. Olivia liniju karakterizira veganska formula i veganski certifikat. 93% sastojaka je prirodnog porijekla. Visoko kvalitetan sastav [&hellip;]<\/p>\n","protected":false},"featured_media":71428,"template":"","meta":{"_acf_changed":false},"product_brand":[],"product_cat":[47],"product_tag":[],"class_list":{"0":"post-71427","1":"product","2":"type-product","3":"status-publish","4":"has-post-thumbnail","6":"product_cat-hotelska-kozmetika-olivia","8":"first","9":"instock","10":"sale","11":"taxable","12":"shipping-taxable","13":"purchasable","14":"product-type-simple"},"acf":[],"_links":{"self":[{"href":"https:\/\/adhotelskaoprema.com\/en\/wp-json\/wp\/v2\/product\/71427","targetHints":{"allow":["GET"]}}],"collection":[{"href":"https:\/\/adhotelskaoprema.com\/en\/wp-json\/wp\/v2\/product"}],"about":[{"href":"https:\/\/adhotelskaoprema.com\/en\/wp-json\/wp\/v2\/types\/product"}],"wp:featuredmedia":[{"embeddable":true,"href":"https:\/\/adhotelskaoprema.com\/en\/wp-json\/wp\/v2\/media\/71428"}],"wp:attachment":[{"href":"https:\/\/adhotelskaoprema.com\/en\/wp-json\/wp\/v2\/media?parent=71427"}],"wp:term":[{"taxonomy":"product_brand","embeddable":true,"href":"https:\/\/adhotelskaoprema.com\/en\/wp-json\/wp\/v2\/product_brand?post=71427"},{"taxonomy":"product_cat","embeddable":true,"href":"https:\/\/adhotelskaoprema.com\/en\/wp-json\/wp\/v2\/product_cat?post=71427"},{"taxonomy":"product_tag","embeddable":true,"href":"https:\/\/adhotelskaoprema.com\/en\/wp-json\/wp\/v2\/product_tag?post=71427"}],"curies":[{"name":"wp","href":"https:\/\/api.w.org\/{rel}","templated":true}]}}