{"id":71388,"date":"2025-02-04T16:18:05","date_gmt":"2025-02-04T15:18:05","guid":{"rendered":"https:\/\/adhotelskaoprema.com\/?post_type=product&#038;p=71388"},"modified":"2025-02-04T16:23:04","modified_gmt":"2025-02-04T15:23:04","slug":"olivia-thinks-losion-za-tijelo-360ml","status":"publish","type":"product","link":"https:\/\/adhotelskaoprema.com\/en\/proizvod\/olivia-thinks-losion-za-tijelo-360ml\/","title":{"rendered":"OLIVIA THINKS LOSION ZA TIJELO 360ML"},"content":{"rendered":"<p>Moderno klasi\u010dna linija sa premium kvalitetom kombinira suvremeni dizajn sa odr\u017eivosti, formulirana sa 97% prirodnih sastojaka.<br \/>\nOlivia Thinks liniju karakteriziraju Veganski certifikati i Eco-friendly pakiranje.<br \/>\nOlivia Thinks linija isti\u010de se svje\u017eim i prirodnim sastojcima inspiriranima prirodom koji u kombinaciji daju nje\u017enu formulu koja odr\u017eava ko\u017eu glatkom i hidratiziranom.<br \/>\nZahvaljuju\u0107i prirodnim sastojcima pru\u017eiti \u0107e Vam osje\u0107aj pomla\u0111ivanja.<br \/>\nRevitaliziraju\u0107i sastojci inspirirani prirodom sastoje se od ekstrakta ru\u017ee, limuna, naran\u010de, timjana, lavande, ambera i cedrovine.<\/p>\n","protected":false},"excerpt":{"rendered":"<p>Moderno klasi\u010dna linija sa premium kvalitetom kombinira suvremeni dizajn sa odr\u017eivosti, formulirana sa 97% prirodnih sastojaka. Olivia Thinks liniju karakteriziraju Veganski certifikati i Eco-friendly pakiranje. Olivia Thinks linija isti\u010de se svje\u017eim i prirodnim sastojcima inspiriranima prirodom koji u kombinaciji daju nje\u017enu formulu koja odr\u017eava ko\u017eu glatkom i hidratiziranom. Zahvaljuju\u0107i prirodnim sastojcima pru\u017eiti \u0107e Vam osje\u0107aj [&hellip;]<\/p>\n","protected":false},"featured_media":71392,"template":"","meta":{"_acf_changed":false},"product_brand":[],"product_cat":[48],"product_tag":[],"class_list":{"0":"post-71388","1":"product","2":"type-product","3":"status-publish","4":"has-post-thumbnail","6":"product_cat-hotelska-kozmetika-olivia-thinks","8":"first","9":"instock","10":"sale","11":"taxable","12":"shipping-taxable","13":"purchasable","14":"product-type-simple"},"acf":[],"_links":{"self":[{"href":"https:\/\/adhotelskaoprema.com\/en\/wp-json\/wp\/v2\/product\/71388","targetHints":{"allow":["GET"]}}],"collection":[{"href":"https:\/\/adhotelskaoprema.com\/en\/wp-json\/wp\/v2\/product"}],"about":[{"href":"https:\/\/adhotelskaoprema.com\/en\/wp-json\/wp\/v2\/types\/product"}],"wp:featuredmedia":[{"embeddable":true,"href":"https:\/\/adhotelskaoprema.com\/en\/wp-json\/wp\/v2\/media\/71392"}],"wp:attachment":[{"href":"https:\/\/adhotelskaoprema.com\/en\/wp-json\/wp\/v2\/media?parent=71388"}],"wp:term":[{"taxonomy":"product_brand","embeddable":true,"href":"https:\/\/adhotelskaoprema.com\/en\/wp-json\/wp\/v2\/product_brand?post=71388"},{"taxonomy":"product_cat","embeddable":true,"href":"https:\/\/adhotelskaoprema.com\/en\/wp-json\/wp\/v2\/product_cat?post=71388"},{"taxonomy":"product_tag","embeddable":true,"href":"https:\/\/adhotelskaoprema.com\/en\/wp-json\/wp\/v2\/product_tag?post=71388"}],"curies":[{"name":"wp","href":"https:\/\/api.w.org\/{rel}","templated":true}]}}