{"id":71385,"date":"2025-02-04T16:11:57","date_gmt":"2025-02-04T15:11:57","guid":{"rendered":"https:\/\/adhotelskaoprema.com\/?post_type=product&#038;p=71385"},"modified":"2025-05-16T18:08:42","modified_gmt":"2025-05-16T16:08:42","slug":"olive-care-sampon-i-gel-za-tusiranje-440-ml","status":"publish","type":"product","link":"https:\/\/adhotelskaoprema.com\/en\/proizvod\/olive-care-sampon-i-gel-za-tusiranje-440-ml\/","title":{"rendered":"OLIVE CARE \u0160AMPON I GEL ZA  TU\u0160IRANJE 440 ml"},"content":{"rendered":"<p>\u0160ampon i gel za tu\u0161iranje Olive Care oboga\u0107en ekstraktima masline i provitaminom B5 hrani i njeguje kosu. Nje\u017eno ih \u010disti, za sjajni zavr\u0161etak dok hidratizira i pomla\u0111uje cijelo tijelo.<\/p>\n","protected":false},"excerpt":{"rendered":"<p>\u0160ampon i gel za tu\u0161iranje Olive Care oboga\u0107en ekstraktima masline i provitaminom B5 hrani i njeguje kosu. Nje\u017eno ih \u010disti, za sjajni zavr\u0161etak dok hidratizira i pomla\u0111uje cijelo tijelo.<\/p>\n","protected":false},"featured_media":71386,"template":"","meta":{"_acf_changed":false},"product_brand":[],"product_cat":[49],"product_tag":[],"class_list":{"0":"post-71385","1":"product","2":"type-product","3":"status-publish","4":"has-post-thumbnail","6":"product_cat-hotelska-kozmetika-olive-care","8":"first","9":"outofstock","10":"sale","11":"taxable","12":"shipping-taxable","13":"purchasable","14":"product-type-simple"},"acf":[],"_links":{"self":[{"href":"https:\/\/adhotelskaoprema.com\/en\/wp-json\/wp\/v2\/product\/71385","targetHints":{"allow":["GET"]}}],"collection":[{"href":"https:\/\/adhotelskaoprema.com\/en\/wp-json\/wp\/v2\/product"}],"about":[{"href":"https:\/\/adhotelskaoprema.com\/en\/wp-json\/wp\/v2\/types\/product"}],"wp:featuredmedia":[{"embeddable":true,"href":"https:\/\/adhotelskaoprema.com\/en\/wp-json\/wp\/v2\/media\/71386"}],"wp:attachment":[{"href":"https:\/\/adhotelskaoprema.com\/en\/wp-json\/wp\/v2\/media?parent=71385"}],"wp:term":[{"taxonomy":"product_brand","embeddable":true,"href":"https:\/\/adhotelskaoprema.com\/en\/wp-json\/wp\/v2\/product_brand?post=71385"},{"taxonomy":"product_cat","embeddable":true,"href":"https:\/\/adhotelskaoprema.com\/en\/wp-json\/wp\/v2\/product_cat?post=71385"},{"taxonomy":"product_tag","embeddable":true,"href":"https:\/\/adhotelskaoprema.com\/en\/wp-json\/wp\/v2\/product_tag?post=71385"}],"curies":[{"name":"wp","href":"https:\/\/api.w.org\/{rel}","templated":true}]}}