{"id":71364,"date":"2025-02-04T15:15:58","date_gmt":"2025-02-04T14:15:58","guid":{"rendered":"https:\/\/adhotelskaoprema.com\/?post_type=product&#038;p=71364"},"modified":"2025-02-04T17:36:53","modified_gmt":"2025-02-04T16:36:53","slug":"skin-essentials-punjenje-boce-tekuceg-sapuna-1000-ml","status":"publish","type":"product","link":"https:\/\/adhotelskaoprema.com\/en\/proizvod\/skin-essentials-punjenje-boce-tekuceg-sapuna-1000-ml\/","title":{"rendered":"SKIN ESSENTIALS SAPUN ZA PRANJE RUKU 1000 ml"},"content":{"rendered":"<p>Sa svojim jedinstvenim hidratantnim, antioksidativnim i umiruju\u0107im svojstvima, ni\u0161ta ne mo\u017ee biti va\u017enije za svilenkastu ko\u017eu od vitamina E. Skin Essentials teku\u0107i sapun za ruke, oboga\u0107en vitaminom E, nje\u017eno \u010disti va\u0161e ruke ostavljaju\u0107i ih mo\u0161usnim puderom s notama jabuke , jantar i<\/p>\n","protected":false},"excerpt":{"rendered":"<p>Sa svojim jedinstvenim hidratantnim, antioksidativnim i umiruju\u0107im svojstvima, ni\u0161ta ne mo\u017ee biti va\u017enije za svilenkastu ko\u017eu od vitamina E. Skin Essentials teku\u0107i sapun za ruke, oboga\u0107en vitaminom E, nje\u017eno \u010disti va\u0161e ruke ostavljaju\u0107i ih mo\u0161usnim puderom s notama jabuke , jantar i<\/p>\n","protected":false},"featured_media":71365,"template":"","meta":{"_acf_changed":false},"product_brand":[],"product_cat":[61],"product_tag":[],"class_list":{"0":"post-71364","1":"product","2":"type-product","3":"status-publish","4":"has-post-thumbnail","6":"product_cat-hotelska-kozmetika-skin-essentials","8":"first","9":"instock","10":"sale","11":"taxable","12":"shipping-taxable","13":"purchasable","14":"product-type-simple"},"acf":[],"_links":{"self":[{"href":"https:\/\/adhotelskaoprema.com\/en\/wp-json\/wp\/v2\/product\/71364","targetHints":{"allow":["GET"]}}],"collection":[{"href":"https:\/\/adhotelskaoprema.com\/en\/wp-json\/wp\/v2\/product"}],"about":[{"href":"https:\/\/adhotelskaoprema.com\/en\/wp-json\/wp\/v2\/types\/product"}],"wp:featuredmedia":[{"embeddable":true,"href":"https:\/\/adhotelskaoprema.com\/en\/wp-json\/wp\/v2\/media\/71365"}],"wp:attachment":[{"href":"https:\/\/adhotelskaoprema.com\/en\/wp-json\/wp\/v2\/media?parent=71364"}],"wp:term":[{"taxonomy":"product_brand","embeddable":true,"href":"https:\/\/adhotelskaoprema.com\/en\/wp-json\/wp\/v2\/product_brand?post=71364"},{"taxonomy":"product_cat","embeddable":true,"href":"https:\/\/adhotelskaoprema.com\/en\/wp-json\/wp\/v2\/product_cat?post=71364"},{"taxonomy":"product_tag","embeddable":true,"href":"https:\/\/adhotelskaoprema.com\/en\/wp-json\/wp\/v2\/product_tag?post=71364"}],"curies":[{"name":"wp","href":"https:\/\/api.w.org\/{rel}","templated":true}]}}