{"id":71248,"date":"2025-01-28T13:26:44","date_gmt":"2025-01-28T12:26:44","guid":{"rendered":"https:\/\/adhotelskaoprema.com\/?post_type=product&#038;p=71248"},"modified":"2025-02-03T09:09:44","modified_gmt":"2025-02-03T08:09:44","slug":"bavaria-stol-150x80-boja-tikovine-odaberite-cod-665-t-tk","status":"publish","type":"product","link":"https:\/\/adhotelskaoprema.com\/en\/proizvod\/bavaria-stol-150x80-boja-tikovine-odaberite-cod-665-t-tk\/","title":{"rendered":"Stol 150&#215;80 u boji tikovine (665\/T-TK)"},"content":{"rendered":"<h1><\/h1>\n<h1><\/h1>\n<h1 class=\"p5\"><\/h1>\n<p class=\"p3 descProd\">Atomizirani aluminijski okvir <strong>Inoxlook<\/strong>\u00a0, gornji stol izra\u0111en od aluminijskih letvica strukturalnog oblika, presvu\u010den posebnim termoplasti\u010dnim materijalom opti\u010dki sli\u010dnim drvu, otporan na UV zra\u010denje i protiv ogrebotina.<\/p>\n<p>\u0160irina stola:80 cm<\/p>\n<p>Du\u017eina stola: 150 cm<\/p>\n<p>Visina stola: 75 cm<\/p>\n<p>&nbsp;<\/p>\n<p>&nbsp;<\/p>\n<p>Rok isporuke po narud\u017ebi 14 dana.<\/p>\n","protected":false},"excerpt":{"rendered":"<p>Atomizirani aluminijski okvir Inoxlook\u00a0, gornji stol izra\u0111en od aluminijskih letvica strukturalnog oblika, presvu\u010den posebnim termoplasti\u010dnim materijalom opti\u010dki sli\u010dnim drvu, otporan na UV zra\u010denje i protiv ogrebotina. \u0160irina stola:80 cm Du\u017eina stola: 150 cm Visina stola: 75 cm &nbsp; &nbsp; Rok isporuke po narud\u017ebi 14 dana.<\/p>\n","protected":false},"featured_media":71254,"template":"","meta":{"_acf_changed":false},"product_brand":[],"product_cat":[282],"product_tag":[],"class_list":{"0":"post-71248","1":"product","2":"type-product","3":"status-publish","4":"has-post-thumbnail","6":"product_cat-vanjski-stolovi","8":"first","9":"onbackorder","10":"sale","11":"taxable","12":"shipping-taxable","13":"purchasable","14":"product-type-simple"},"acf":[],"_links":{"self":[{"href":"https:\/\/adhotelskaoprema.com\/en\/wp-json\/wp\/v2\/product\/71248","targetHints":{"allow":["GET"]}}],"collection":[{"href":"https:\/\/adhotelskaoprema.com\/en\/wp-json\/wp\/v2\/product"}],"about":[{"href":"https:\/\/adhotelskaoprema.com\/en\/wp-json\/wp\/v2\/types\/product"}],"wp:featuredmedia":[{"embeddable":true,"href":"https:\/\/adhotelskaoprema.com\/en\/wp-json\/wp\/v2\/media\/71254"}],"wp:attachment":[{"href":"https:\/\/adhotelskaoprema.com\/en\/wp-json\/wp\/v2\/media?parent=71248"}],"wp:term":[{"taxonomy":"product_brand","embeddable":true,"href":"https:\/\/adhotelskaoprema.com\/en\/wp-json\/wp\/v2\/product_brand?post=71248"},{"taxonomy":"product_cat","embeddable":true,"href":"https:\/\/adhotelskaoprema.com\/en\/wp-json\/wp\/v2\/product_cat?post=71248"},{"taxonomy":"product_tag","embeddable":true,"href":"https:\/\/adhotelskaoprema.com\/en\/wp-json\/wp\/v2\/product_tag?post=71248"}],"curies":[{"name":"wp","href":"https:\/\/api.w.org\/{rel}","templated":true}]}}