{"id":71246,"date":"2025-01-28T13:22:57","date_gmt":"2025-01-28T12:22:57","guid":{"rendered":"https:\/\/adhotelskaoprema.com\/?post_type=product&#038;p=71246"},"modified":"2025-02-03T09:09:45","modified_gmt":"2025-02-03T08:09:45","slug":"stol-150x80-antracit-665-at","status":"publish","type":"product","link":"https:\/\/adhotelskaoprema.com\/en\/proizvod\/stol-150x80-antracit-665-at\/","title":{"rendered":"Stol 150&#215;80 antracit (665\/AT)"},"content":{"rendered":"<p class=\"p3 descProd\"><span>Stol s aluminijskim okvirom oblo\u017eenim poliesterskim prahom.<\/span><br \/>\n<span>Plo\u010da izra\u0111ena od aluminijskih letvica oblo\u017eenih termoplasti\u010dnim materijalom, vizualno sli\u010dnim drvu, otporan na ogrebotine i UV zra\u010denje.<\/span><\/p>\n<p class=\"p5\">\n<p>\u0160irina stola:80 cm<\/p>\n<p>Du\u017eina stola: 150 cm<\/p>\n<p>Visina stola: 75 cm<\/p>\n<p>&nbsp;<\/p>\n<p>&nbsp;<\/p>\n<p>Rok isporuke po narud\u017ebi 14 dana.<\/p>\n","protected":false},"excerpt":{"rendered":"<p>Stol s aluminijskim okvirom oblo\u017eenim poliesterskim prahom. Plo\u010da izra\u0111ena od aluminijskih letvica oblo\u017eenih termoplasti\u010dnim materijalom, vizualno sli\u010dnim drvu, otporan na ogrebotine i UV zra\u010denje. \u0160irina stola:80 cm Du\u017eina stola: 150 cm Visina stola: 75 cm &nbsp; &nbsp; Rok isporuke po narud\u017ebi 14 dana.<\/p>\n","protected":false},"featured_media":71250,"template":"","meta":{"_acf_changed":false},"product_brand":[],"product_cat":[282],"product_tag":[],"class_list":{"0":"post-71246","1":"product","2":"type-product","3":"status-publish","4":"has-post-thumbnail","6":"product_cat-vanjski-stolovi","8":"first","9":"onbackorder","10":"sale","11":"taxable","12":"shipping-taxable","13":"purchasable","14":"product-type-simple"},"acf":[],"_links":{"self":[{"href":"https:\/\/adhotelskaoprema.com\/en\/wp-json\/wp\/v2\/product\/71246","targetHints":{"allow":["GET"]}}],"collection":[{"href":"https:\/\/adhotelskaoprema.com\/en\/wp-json\/wp\/v2\/product"}],"about":[{"href":"https:\/\/adhotelskaoprema.com\/en\/wp-json\/wp\/v2\/types\/product"}],"wp:featuredmedia":[{"embeddable":true,"href":"https:\/\/adhotelskaoprema.com\/en\/wp-json\/wp\/v2\/media\/71250"}],"wp:attachment":[{"href":"https:\/\/adhotelskaoprema.com\/en\/wp-json\/wp\/v2\/media?parent=71246"}],"wp:term":[{"taxonomy":"product_brand","embeddable":true,"href":"https:\/\/adhotelskaoprema.com\/en\/wp-json\/wp\/v2\/product_brand?post=71246"},{"taxonomy":"product_cat","embeddable":true,"href":"https:\/\/adhotelskaoprema.com\/en\/wp-json\/wp\/v2\/product_cat?post=71246"},{"taxonomy":"product_tag","embeddable":true,"href":"https:\/\/adhotelskaoprema.com\/en\/wp-json\/wp\/v2\/product_tag?post=71246"}],"curies":[{"name":"wp","href":"https:\/\/api.w.org\/{rel}","templated":true}]}}