{"id":71229,"date":"2025-01-28T11:36:52","date_gmt":"2025-01-28T10:36:52","guid":{"rendered":"https:\/\/adhotelskaoprema.com\/?post_type=product&#038;p=71229"},"modified":"2025-02-03T09:09:45","modified_gmt":"2025-02-03T08:09:45","slug":"stol-80x80-sivi-871-gr","status":"publish","type":"product","link":"https:\/\/adhotelskaoprema.com\/en\/proizvod\/stol-80x80-sivi-871-gr\/","title":{"rendered":"Stol 80&#215;80 sivi  (871\/GR)"},"content":{"rendered":"<p class=\"p3 descProd\"><span>Atomizirani aluminijski okvir <\/span><strong><span>Inoxlook<\/span><\/strong><span>\u00a0, gornji stol izra\u0111en od aluminijskih<\/span><\/p>\n<p class=\"p3 descProd\"><span> letvica strukturalnog oblika, presvu\u010den posebnim termoplasti\u010dnim materijalom <\/span><\/p>\n<p class=\"p3 descProd\"><span>opti\u010dki sli\u010dnim drvu, otporan na UV zra\u010denje i protiv ogrebotina.<\/span><\/p>\n<p>\u0160irina stola:80 cm<\/p>\n<p>Du\u017eina stola: 80 cm<\/p>\n<p>Visina stola: 75 cm<\/p>\n<p>&nbsp;<\/p>\n<p>&nbsp;<\/p>\n<p>Rok isporuke po narud\u017ebi 14 dana.<\/p>\n","protected":false},"excerpt":{"rendered":"<p>Atomizirani aluminijski okvir Inoxlook\u00a0, gornji stol izra\u0111en od aluminijskih letvica strukturalnog oblika, presvu\u010den posebnim termoplasti\u010dnim materijalom opti\u010dki sli\u010dnim drvu, otporan na UV zra\u010denje i protiv ogrebotina. \u0160irina stola:80 cm Du\u017eina stola: 80 cm Visina stola: 75 cm &nbsp; &nbsp; Rok isporuke po narud\u017ebi 14 dana.<\/p>\n","protected":false},"featured_media":71233,"template":"","meta":{"_acf_changed":false},"product_brand":[],"product_cat":[282],"product_tag":[],"class_list":{"0":"post-71229","1":"product","2":"type-product","3":"status-publish","4":"has-post-thumbnail","6":"product_cat-vanjski-stolovi","8":"first","9":"onbackorder","10":"sale","11":"taxable","12":"shipping-taxable","13":"purchasable","14":"product-type-simple"},"acf":[],"_links":{"self":[{"href":"https:\/\/adhotelskaoprema.com\/en\/wp-json\/wp\/v2\/product\/71229","targetHints":{"allow":["GET"]}}],"collection":[{"href":"https:\/\/adhotelskaoprema.com\/en\/wp-json\/wp\/v2\/product"}],"about":[{"href":"https:\/\/adhotelskaoprema.com\/en\/wp-json\/wp\/v2\/types\/product"}],"wp:featuredmedia":[{"embeddable":true,"href":"https:\/\/adhotelskaoprema.com\/en\/wp-json\/wp\/v2\/media\/71233"}],"wp:attachment":[{"href":"https:\/\/adhotelskaoprema.com\/en\/wp-json\/wp\/v2\/media?parent=71229"}],"wp:term":[{"taxonomy":"product_brand","embeddable":true,"href":"https:\/\/adhotelskaoprema.com\/en\/wp-json\/wp\/v2\/product_brand?post=71229"},{"taxonomy":"product_cat","embeddable":true,"href":"https:\/\/adhotelskaoprema.com\/en\/wp-json\/wp\/v2\/product_cat?post=71229"},{"taxonomy":"product_tag","embeddable":true,"href":"https:\/\/adhotelskaoprema.com\/en\/wp-json\/wp\/v2\/product_tag?post=71229"}],"curies":[{"name":"wp","href":"https:\/\/api.w.org\/{rel}","templated":true}]}}