{"id":71211,"date":"2025-01-28T10:15:32","date_gmt":"2025-01-28T09:15:32","guid":{"rendered":"https:\/\/adhotelskaoprema.com\/?post_type=product&#038;p=71211"},"modified":"2025-04-02T13:39:21","modified_gmt":"2025-04-02T11:39:21","slug":"dvosjed-543-at","status":"publish","type":"product","link":"https:\/\/adhotelskaoprema.com\/en\/proizvod\/dvosjed-543-at\/","title":{"rendered":"Dvosjed  (543\/AT)"},"content":{"rendered":"<p class=\"p3 descProd\">Sofa izra\u0111ena od \u010dvrstog aluminijskog okvira poliesterskog premaza.<br \/>\nStra\u017enja strana je pletena sinteti\u010dkim u\u017eetom.<br \/>\nJastuci su od 100% poliesterske tkanine i navlake koje se mogu skinuti.<\/p>\n<p>Stoli\u0107i za kavu na linku: https:\/\/adhotelskaoprema.com\/kategorija-proizvoda\/vanjski-namjestaj\/stolici-za-kavu\/<\/p>\n<p>&nbsp;<\/p>\n<p>&nbsp;<\/p>\n<p>&nbsp;<\/p>\n<p>&nbsp;<\/p>\n<p>Visina stolice:80 cm<\/p>\n<p>\u0160irina sjedala:168 cm<\/p>\n<p>Du\u017eina sjedala:85 cm<\/p>\n<p>Visina od sjedala:41 cm<\/p>\n<p>&nbsp;<\/p>\n<p>Rok isporuke po narud\u017ebi 14 dana.<\/p>\n","protected":false},"excerpt":{"rendered":"<p>Sofa izra\u0111ena od \u010dvrstog aluminijskog okvira poliesterskog premaza. Stra\u017enja strana je pletena sinteti\u010dkim u\u017eetom. Jastuci su od 100% poliesterske tkanine i navlake koje se mogu skinuti. Stoli\u0107i za kavu na linku: https:\/\/adhotelskaoprema.com\/kategorija-proizvoda\/vanjski-namjestaj\/stolici-za-kavu\/ &nbsp; &nbsp; &nbsp; &nbsp; Visina stolice:80 cm \u0160irina sjedala:168 cm Du\u017eina sjedala:85 cm Visina od sjedala:41 cm &nbsp; Rok isporuke po narud\u017ebi 14 [&hellip;]<\/p>\n","protected":false},"featured_media":71215,"template":"","meta":{"_acf_changed":false},"product_brand":[],"product_cat":[329],"product_tag":[],"class_list":{"0":"post-71211","1":"product","2":"type-product","3":"status-publish","4":"has-post-thumbnail","6":"product_cat-lounge-garniture-setovi","8":"first","9":"onbackorder","10":"sale","11":"taxable","12":"shipping-taxable","13":"purchasable","14":"product-type-simple"},"acf":[],"_links":{"self":[{"href":"https:\/\/adhotelskaoprema.com\/en\/wp-json\/wp\/v2\/product\/71211","targetHints":{"allow":["GET"]}}],"collection":[{"href":"https:\/\/adhotelskaoprema.com\/en\/wp-json\/wp\/v2\/product"}],"about":[{"href":"https:\/\/adhotelskaoprema.com\/en\/wp-json\/wp\/v2\/types\/product"}],"wp:featuredmedia":[{"embeddable":true,"href":"https:\/\/adhotelskaoprema.com\/en\/wp-json\/wp\/v2\/media\/71215"}],"wp:attachment":[{"href":"https:\/\/adhotelskaoprema.com\/en\/wp-json\/wp\/v2\/media?parent=71211"}],"wp:term":[{"taxonomy":"product_brand","embeddable":true,"href":"https:\/\/adhotelskaoprema.com\/en\/wp-json\/wp\/v2\/product_brand?post=71211"},{"taxonomy":"product_cat","embeddable":true,"href":"https:\/\/adhotelskaoprema.com\/en\/wp-json\/wp\/v2\/product_cat?post=71211"},{"taxonomy":"product_tag","embeddable":true,"href":"https:\/\/adhotelskaoprema.com\/en\/wp-json\/wp\/v2\/product_tag?post=71211"}],"curies":[{"name":"wp","href":"https:\/\/api.w.org\/{rel}","templated":true}]}}