{"id":71098,"date":"2025-01-27T16:59:22","date_gmt":"2025-01-27T15:59:22","guid":{"rendered":"https:\/\/adhotelskaoprema.com\/?post_type=product&#038;p=71098"},"modified":"2025-04-02T13:39:21","modified_gmt":"2025-04-02T11:39:21","slug":"dvosjed-bijela-bez-501-bco02","status":"publish","type":"product","link":"https:\/\/adhotelskaoprema.com\/en\/proizvod\/dvosjed-bijela-bez-501-bco02\/","title":{"rendered":"Dvosjed bijela\/be\u017e (501\/BCO02)"},"content":{"rendered":"<p class=\"p3 descProd\">Kau\u010d \u200b\u200b izra\u0111en je na \u010dvrstoj aluminijskoj strukturi oblo\u017eenoj poliesterskim prahom.<br \/>\nStra\u017enja strana prekrivena je ru\u010dno tkanom podstavljenom sinteti\u010dkom tkaninom u obliku cijevi.<br \/>\nJastuci imaju skidive navlake od 100% poliesterske tkanine.<br \/>\nDostupan u kombinacijama bijela\/be\u017e, antracit\/taupe i antracit\/antracit.<\/p>\n<p>&nbsp;<\/p>\n<p>Stoli\u0107i za kavu na linku: https:\/\/adhotelskaoprema.com\/kategorija-proizvoda\/vanjski-namjestaj\/stolici-za-kavu\/<\/p>\n<p>&nbsp;<\/p>\n<p>&nbsp;<\/p>\n<p>&nbsp;<\/p>\n<p>Visina stolice:74 cm<\/p>\n<p>\u0160irina sjedala:161 cm<\/p>\n<p>Du\u017eina sjedala:81 cm<\/p>\n<p>Visina od sjedala:41 cm<\/p>\n<p>&nbsp;<\/p>\n<p>Rok isporuke po narud\u017ebi 14 dana.<\/p>\n","protected":false},"excerpt":{"rendered":"<p>Kau\u010d \u200b\u200b izra\u0111en je na \u010dvrstoj aluminijskoj strukturi oblo\u017eenoj poliesterskim prahom. Stra\u017enja strana prekrivena je ru\u010dno tkanom podstavljenom sinteti\u010dkom tkaninom u obliku cijevi. Jastuci imaju skidive navlake od 100% poliesterske tkanine. Dostupan u kombinacijama bijela\/be\u017e, antracit\/taupe i antracit\/antracit. &nbsp; Stoli\u0107i za kavu na linku: https:\/\/adhotelskaoprema.com\/kategorija-proizvoda\/vanjski-namjestaj\/stolici-za-kavu\/ &nbsp; &nbsp; &nbsp; Visina stolice:74 cm \u0160irina sjedala:161 cm Du\u017eina [&hellip;]<\/p>\n","protected":false},"featured_media":71114,"template":"","meta":{"_acf_changed":false},"product_brand":[],"product_cat":[329],"product_tag":[],"class_list":{"0":"post-71098","1":"product","2":"type-product","3":"status-publish","4":"has-post-thumbnail","6":"product_cat-lounge-garniture-setovi","8":"first","9":"onbackorder","10":"sale","11":"taxable","12":"shipping-taxable","13":"purchasable","14":"product-type-simple"},"acf":[],"_links":{"self":[{"href":"https:\/\/adhotelskaoprema.com\/en\/wp-json\/wp\/v2\/product\/71098","targetHints":{"allow":["GET"]}}],"collection":[{"href":"https:\/\/adhotelskaoprema.com\/en\/wp-json\/wp\/v2\/product"}],"about":[{"href":"https:\/\/adhotelskaoprema.com\/en\/wp-json\/wp\/v2\/types\/product"}],"wp:featuredmedia":[{"embeddable":true,"href":"https:\/\/adhotelskaoprema.com\/en\/wp-json\/wp\/v2\/media\/71114"}],"wp:attachment":[{"href":"https:\/\/adhotelskaoprema.com\/en\/wp-json\/wp\/v2\/media?parent=71098"}],"wp:term":[{"taxonomy":"product_brand","embeddable":true,"href":"https:\/\/adhotelskaoprema.com\/en\/wp-json\/wp\/v2\/product_brand?post=71098"},{"taxonomy":"product_cat","embeddable":true,"href":"https:\/\/adhotelskaoprema.com\/en\/wp-json\/wp\/v2\/product_cat?post=71098"},{"taxonomy":"product_tag","embeddable":true,"href":"https:\/\/adhotelskaoprema.com\/en\/wp-json\/wp\/v2\/product_tag?post=71098"}],"curies":[{"name":"wp","href":"https:\/\/api.w.org\/{rel}","templated":true}]}}