{"id":71076,"date":"2025-01-27T15:49:06","date_gmt":"2025-01-27T14:49:06","guid":{"rendered":"https:\/\/adhotelskaoprema.com\/?post_type=product&#038;p=71076"},"modified":"2025-04-02T13:39:22","modified_gmt":"2025-04-02T11:39:22","slug":"dvosjed-taupe-bez-528-tau","status":"publish","type":"product","link":"https:\/\/adhotelskaoprema.com\/en\/proizvod\/dvosjed-taupe-bez-528-tau\/","title":{"rendered":"Dvosjed taupe\/be\u017e 528\/TAU"},"content":{"rendered":"<p class=\"p3 descProd\">Sjede\u0107a garnitura ima poliestersku aluminijsku strukturu presvu\u010denu prahom, fino presvu\u010denu ru\u010dno tkanim sinteti\u010dkim konopom.<br \/>\nJastuci imaju uklonjive presvlake, a vanjski dio je 100% poliesterska tkanina.<br \/>\nDostupan u kombinacijama Taupe\/Be\u017e, Antracit\/Antracit.<\/p>\n<p>&nbsp;<\/p>\n<p>Stoli\u0107i za kavu na linku: https:\/\/adhotelskaoprema.com\/kategorija-proizvoda\/vanjski-namjestaj\/stolici-za-kavu\/<\/p>\n<p>Visina stolice:77 cm<\/p>\n<p>\u0160irina sjedala:181 cm<\/p>\n<p>Du\u017eina sjedala:83 cm<\/p>\n<p>Visina od sjedala:43 cm<\/p>\n<p>&nbsp;<\/p>\n<p>Rok isporuke po narud\u017ebi 14 dana.<\/p>\n","protected":false},"excerpt":{"rendered":"<p>Sjede\u0107a garnitura ima poliestersku aluminijsku strukturu presvu\u010denu prahom, fino presvu\u010denu ru\u010dno tkanim sinteti\u010dkim konopom. Jastuci imaju uklonjive presvlake, a vanjski dio je 100% poliesterska tkanina. Dostupan u kombinacijama Taupe\/Be\u017e, Antracit\/Antracit. &nbsp; Stoli\u0107i za kavu na linku: https:\/\/adhotelskaoprema.com\/kategorija-proizvoda\/vanjski-namjestaj\/stolici-za-kavu\/ Visina stolice:77 cm \u0160irina sjedala:181 cm Du\u017eina sjedala:83 cm Visina od sjedala:43 cm &nbsp; Rok isporuke po narud\u017ebi [&hellip;]<\/p>\n","protected":false},"featured_media":71083,"template":"","meta":{"_acf_changed":false},"product_brand":[],"product_cat":[329],"product_tag":[],"class_list":{"0":"post-71076","1":"product","2":"type-product","3":"status-publish","4":"has-post-thumbnail","6":"product_cat-lounge-garniture-setovi","8":"first","9":"onbackorder","10":"sale","11":"taxable","12":"shipping-taxable","13":"purchasable","14":"product-type-simple"},"acf":[],"_links":{"self":[{"href":"https:\/\/adhotelskaoprema.com\/en\/wp-json\/wp\/v2\/product\/71076","targetHints":{"allow":["GET"]}}],"collection":[{"href":"https:\/\/adhotelskaoprema.com\/en\/wp-json\/wp\/v2\/product"}],"about":[{"href":"https:\/\/adhotelskaoprema.com\/en\/wp-json\/wp\/v2\/types\/product"}],"wp:featuredmedia":[{"embeddable":true,"href":"https:\/\/adhotelskaoprema.com\/en\/wp-json\/wp\/v2\/media\/71083"}],"wp:attachment":[{"href":"https:\/\/adhotelskaoprema.com\/en\/wp-json\/wp\/v2\/media?parent=71076"}],"wp:term":[{"taxonomy":"product_brand","embeddable":true,"href":"https:\/\/adhotelskaoprema.com\/en\/wp-json\/wp\/v2\/product_brand?post=71076"},{"taxonomy":"product_cat","embeddable":true,"href":"https:\/\/adhotelskaoprema.com\/en\/wp-json\/wp\/v2\/product_cat?post=71076"},{"taxonomy":"product_tag","embeddable":true,"href":"https:\/\/adhotelskaoprema.com\/en\/wp-json\/wp\/v2\/product_tag?post=71076"}],"curies":[{"name":"wp","href":"https:\/\/api.w.org\/{rel}","templated":true}]}}