{"id":71050,"date":"2025-01-27T15:06:58","date_gmt":"2025-01-27T14:06:58","guid":{"rendered":"https:\/\/adhotelskaoprema.com\/?post_type=product&#038;p=71050"},"modified":"2025-04-02T13:39:23","modified_gmt":"2025-04-02T11:39:23","slug":"lounge-fotelja-bijela-bez-565-bco02","status":"publish","type":"product","link":"https:\/\/adhotelskaoprema.com\/en\/proizvod\/lounge-fotelja-bijela-bez-565-bco02\/","title":{"rendered":"Lounge Fotelja bijela\/be\u017e (565\/BCO02)"},"content":{"rendered":"<p class=\"p3 descProd\">Fotelja izra\u0111ena je na \u010dvrstoj aluminijskoj konstrukciji, koja je presvu\u010dena ru\u010dno pletenim sinteti\u010dkim u\u017eetom od 12 mm.<br \/>\nSjedala su podstavljena 100% poliesterskom tkaninom, ispod koje termo zatvorena plasti\u010dna \u0161koljka potpuno prekriva podstavu i \u010dini je vodootpornom.<br \/>\nDostupan u kombinacijama bijele\/be\u017e i antracit\/antracit boje.<\/p>\n<p class=\"p5\">\n<p>Stoli\u0107i za kavu na linku: https:\/\/adhotelskaoprema.com\/kategorija-proizvoda\/vanjski-namjestaj\/stolici-za-kavu\/<\/p>\n<p>Visina stolice:74 cm<\/p>\n<p>\u0160irina sjedala:103 cm<\/p>\n<p>Du\u017eina sjedala:89,5 cm<\/p>\n<p>Visina od sjedala:40 cm<\/p>\n<p>&nbsp;<\/p>\n<p>Rok isporuke po narud\u017ebi 14 dana.<\/p>\n","protected":false},"excerpt":{"rendered":"<p>Fotelja izra\u0111ena je na \u010dvrstoj aluminijskoj konstrukciji, koja je presvu\u010dena ru\u010dno pletenim sinteti\u010dkim u\u017eetom od 12 mm. Sjedala su podstavljena 100% poliesterskom tkaninom, ispod koje termo zatvorena plasti\u010dna \u0161koljka potpuno prekriva podstavu i \u010dini je vodootpornom. Dostupan u kombinacijama bijele\/be\u017e i antracit\/antracit boje. Stoli\u0107i za kavu na linku: https:\/\/adhotelskaoprema.com\/kategorija-proizvoda\/vanjski-namjestaj\/stolici-za-kavu\/ Visina stolice:74 cm \u0160irina sjedala:103 cm [&hellip;]<\/p>\n","protected":false},"featured_media":71055,"template":"","meta":{"_acf_changed":false},"product_brand":[],"product_cat":[329],"product_tag":[],"class_list":{"0":"post-71050","1":"product","2":"type-product","3":"status-publish","4":"has-post-thumbnail","6":"product_cat-lounge-garniture-setovi","8":"first","9":"onbackorder","10":"sale","11":"taxable","12":"shipping-taxable","13":"purchasable","14":"product-type-simple"},"acf":[],"_links":{"self":[{"href":"https:\/\/adhotelskaoprema.com\/en\/wp-json\/wp\/v2\/product\/71050","targetHints":{"allow":["GET"]}}],"collection":[{"href":"https:\/\/adhotelskaoprema.com\/en\/wp-json\/wp\/v2\/product"}],"about":[{"href":"https:\/\/adhotelskaoprema.com\/en\/wp-json\/wp\/v2\/types\/product"}],"wp:featuredmedia":[{"embeddable":true,"href":"https:\/\/adhotelskaoprema.com\/en\/wp-json\/wp\/v2\/media\/71055"}],"wp:attachment":[{"href":"https:\/\/adhotelskaoprema.com\/en\/wp-json\/wp\/v2\/media?parent=71050"}],"wp:term":[{"taxonomy":"product_brand","embeddable":true,"href":"https:\/\/adhotelskaoprema.com\/en\/wp-json\/wp\/v2\/product_brand?post=71050"},{"taxonomy":"product_cat","embeddable":true,"href":"https:\/\/adhotelskaoprema.com\/en\/wp-json\/wp\/v2\/product_cat?post=71050"},{"taxonomy":"product_tag","embeddable":true,"href":"https:\/\/adhotelskaoprema.com\/en\/wp-json\/wp\/v2\/product_tag?post=71050"}],"curies":[{"name":"wp","href":"https:\/\/api.w.org\/{rel}","templated":true}]}}