{"id":71035,"date":"2025-01-27T14:42:15","date_gmt":"2025-01-27T13:42:15","guid":{"rendered":"https:\/\/adhotelskaoprema.com\/?post_type=product&#038;p=71035"},"modified":"2025-04-02T13:39:23","modified_gmt":"2025-04-02T11:39:23","slug":"lounge-fotelja-antracit-antracit-535-at","status":"publish","type":"product","link":"https:\/\/adhotelskaoprema.com\/en\/proizvod\/lounge-fotelja-antracit-antracit-535-at\/","title":{"rendered":"Lounge Fotelja antracit\/antracit (535\/AT)"},"content":{"rendered":"<p class=\"p3 descProd\">Fotelja\u00a0 izra\u0111ena je na \u010dvrstoj aluminijskoj konstrukciji koja je presvu\u010dena ru\u010dno tkanim sinteti\u010dkim u\u017eetom. Jastuci su izra\u0111eni od 100% poliesterske tkanine, s skidivim navlakama.<br \/>\nDostupan u kombinacijama bijele\/be\u017e i antracit\/antracit boje.<\/p>\n<p class=\"p5\">\n<p>Stoli\u0107i za kavu na linku: https:\/\/adhotelskaoprema.com\/kategorija-proizvoda\/vanjski-namjestaj\/stolici-za-kavu\/<\/p>\n<p>Visina stolice:80 cm<\/p>\n<p>\u0160irina sjedala:92 cm<\/p>\n<p>Du\u017eina sjedala:84 cm<\/p>\n<p>Visina od sjedala:43 cm<\/p>\n<p>&nbsp;<\/p>\n<p>Rok isporuke po narud\u017ebi 14 dana<\/p>\n","protected":false},"excerpt":{"rendered":"<p>Fotelja\u00a0 izra\u0111ena je na \u010dvrstoj aluminijskoj konstrukciji koja je presvu\u010dena ru\u010dno tkanim sinteti\u010dkim u\u017eetom. Jastuci su izra\u0111eni od 100% poliesterske tkanine, s skidivim navlakama. Dostupan u kombinacijama bijele\/be\u017e i antracit\/antracit boje. Stoli\u0107i za kavu na linku: https:\/\/adhotelskaoprema.com\/kategorija-proizvoda\/vanjski-namjestaj\/stolici-za-kavu\/ Visina stolice:80 cm \u0160irina sjedala:92 cm Du\u017eina sjedala:84 cm Visina od sjedala:43 cm &nbsp; Rok isporuke po narud\u017ebi [&hellip;]<\/p>\n","protected":false},"featured_media":71037,"template":"","meta":{"_acf_changed":false},"product_brand":[],"product_cat":[329],"product_tag":[],"class_list":{"0":"post-71035","1":"product","2":"type-product","3":"status-publish","4":"has-post-thumbnail","6":"product_cat-lounge-garniture-setovi","8":"first","9":"onbackorder","10":"sale","11":"taxable","12":"shipping-taxable","13":"purchasable","14":"product-type-simple"},"acf":[],"_links":{"self":[{"href":"https:\/\/adhotelskaoprema.com\/en\/wp-json\/wp\/v2\/product\/71035","targetHints":{"allow":["GET"]}}],"collection":[{"href":"https:\/\/adhotelskaoprema.com\/en\/wp-json\/wp\/v2\/product"}],"about":[{"href":"https:\/\/adhotelskaoprema.com\/en\/wp-json\/wp\/v2\/types\/product"}],"wp:featuredmedia":[{"embeddable":true,"href":"https:\/\/adhotelskaoprema.com\/en\/wp-json\/wp\/v2\/media\/71037"}],"wp:attachment":[{"href":"https:\/\/adhotelskaoprema.com\/en\/wp-json\/wp\/v2\/media?parent=71035"}],"wp:term":[{"taxonomy":"product_brand","embeddable":true,"href":"https:\/\/adhotelskaoprema.com\/en\/wp-json\/wp\/v2\/product_brand?post=71035"},{"taxonomy":"product_cat","embeddable":true,"href":"https:\/\/adhotelskaoprema.com\/en\/wp-json\/wp\/v2\/product_cat?post=71035"},{"taxonomy":"product_tag","embeddable":true,"href":"https:\/\/adhotelskaoprema.com\/en\/wp-json\/wp\/v2\/product_tag?post=71035"}],"curies":[{"name":"wp","href":"https:\/\/api.w.org\/{rel}","templated":true}]}}