{"id":70983,"date":"2025-01-27T11:33:16","date_gmt":"2025-01-27T10:33:16","guid":{"rendered":"https:\/\/adhotelskaoprema.com\/?post_type=product&#038;p=70983"},"modified":"2025-01-27T13:19:57","modified_gmt":"2025-01-27T12:19:57","slug":"lounge-fotelja-antracit-antracit-567-at35","status":"publish","type":"product","link":"https:\/\/adhotelskaoprema.com\/en\/proizvod\/lounge-fotelja-antracit-antracit-567-at35\/","title":{"rendered":"Lounge fotelja antracit\/antracit (567\/AT35)"},"content":{"rendered":"<p class=\"p3 descProd\">Fotelja izgra\u0111ena je na \u010dvrstom aluminijskom okviru oblo\u017eenom prahom. Nasloni su prekriveni 12 mm ru\u010dno tkanim sinteti\u010dkim u\u017eetom, a jastuci su izra\u0111eni od 100% poliesterske tkanine s uklonjivim presvlakama. Dostupan u kombinacijama bijele\/srebrne i antracit\/antracit boje.<\/p>\n<p>Stoli\u0107i za kavu na linku: https:\/\/adhotelskaoprema.com\/kategorija-proizvoda\/vanjski-namjestaj\/stolici-za-kavu\/<\/p>\n<p>Visina stolice:74 cm<\/p>\n<p>\u0160irina sjedala:77 cm<\/p>\n<p>Du\u017eina sjedala:78 cm<\/p>\n<p>Visina od sjedala:45 cm<\/p>\n<p>&nbsp;<\/p>\n<p>Rok isporuke po narud\u017ebi 14 dana.<\/p>\n","protected":false},"excerpt":{"rendered":"<p>Fotelja izgra\u0111ena je na \u010dvrstom aluminijskom okviru oblo\u017eenom prahom. Nasloni su prekriveni 12 mm ru\u010dno tkanim sinteti\u010dkim u\u017eetom, a jastuci su izra\u0111eni od 100% poliesterske tkanine s uklonjivim presvlakama. Dostupan u kombinacijama bijele\/srebrne i antracit\/antracit boje. Stoli\u0107i za kavu na linku: https:\/\/adhotelskaoprema.com\/kategorija-proizvoda\/vanjski-namjestaj\/stolici-za-kavu\/ Visina stolice:74 cm \u0160irina sjedala:77 cm Du\u017eina sjedala:78 cm Visina od sjedala:45 cm [&hellip;]<\/p>\n","protected":false},"featured_media":70988,"template":"","meta":{"_acf_changed":false},"product_brand":[],"product_cat":[329],"product_tag":[],"class_list":{"0":"post-70983","1":"product","2":"type-product","3":"status-publish","4":"has-post-thumbnail","6":"product_cat-lounge-garniture-setovi","8":"first","9":"onbackorder","10":"taxable","11":"shipping-taxable","12":"purchasable","13":"product-type-simple"},"acf":[],"_links":{"self":[{"href":"https:\/\/adhotelskaoprema.com\/en\/wp-json\/wp\/v2\/product\/70983","targetHints":{"allow":["GET"]}}],"collection":[{"href":"https:\/\/adhotelskaoprema.com\/en\/wp-json\/wp\/v2\/product"}],"about":[{"href":"https:\/\/adhotelskaoprema.com\/en\/wp-json\/wp\/v2\/types\/product"}],"wp:featuredmedia":[{"embeddable":true,"href":"https:\/\/adhotelskaoprema.com\/en\/wp-json\/wp\/v2\/media\/70988"}],"wp:attachment":[{"href":"https:\/\/adhotelskaoprema.com\/en\/wp-json\/wp\/v2\/media?parent=70983"}],"wp:term":[{"taxonomy":"product_brand","embeddable":true,"href":"https:\/\/adhotelskaoprema.com\/en\/wp-json\/wp\/v2\/product_brand?post=70983"},{"taxonomy":"product_cat","embeddable":true,"href":"https:\/\/adhotelskaoprema.com\/en\/wp-json\/wp\/v2\/product_cat?post=70983"},{"taxonomy":"product_tag","embeddable":true,"href":"https:\/\/adhotelskaoprema.com\/en\/wp-json\/wp\/v2\/product_tag?post=70983"}],"curies":[{"name":"wp","href":"https:\/\/api.w.org\/{rel}","templated":true}]}}