{"id":70958,"date":"2025-01-27T09:59:04","date_gmt":"2025-01-27T08:59:04","guid":{"rendered":"https:\/\/adhotelskaoprema.com\/?post_type=product&#038;p=70958"},"modified":"2025-01-27T09:59:39","modified_gmt":"2025-01-27T08:59:39","slug":"klupa-siva-665-p-gr","status":"publish","type":"product","link":"https:\/\/adhotelskaoprema.com\/en\/proizvod\/klupa-siva-665-p-gr\/","title":{"rendered":"Klupa siva (665\/P-GR)"},"content":{"rendered":"<p class=\"p3 descProd\">Sjedala klupa izra\u0111ena su od aluminijskih letvica strukturnog oblika, presvu\u010dena<\/p>\n<p class=\"p3 descProd\">posebnim termoplasti\u010dnim materijalom opti\u010dki sli\u010dnim drvu, otpornim na UV zra\u010denje i ogrebotinama.<\/p>\n<p class=\"p3 descProd\">Dostupna u boji tikovine ili sivoj boji.<\/p>\n<p>Du\u017eina klupe:130 cm<\/p>\n<p>\u0160irina klupe:36 cm<\/p>\n<p>Visina klupe:45 cm<\/p>\n<p>&nbsp;<\/p>\n<p>Rok isporuke po narud\u017ebi 14 dana.<\/p>\n","protected":false},"excerpt":{"rendered":"<p>Sjedala klupa izra\u0111ena su od aluminijskih letvica strukturnog oblika, presvu\u010dena posebnim termoplasti\u010dnim materijalom opti\u010dki sli\u010dnim drvu, otpornim na UV zra\u010denje i ogrebotinama. Dostupna u boji tikovine ili sivoj boji. Du\u017eina klupe:130 cm \u0160irina klupe:36 cm Visina klupe:45 cm &nbsp; Rok isporuke po narud\u017ebi 14 dana.<\/p>\n","protected":false},"featured_media":70961,"template":"","meta":{"_acf_changed":false},"product_brand":[],"product_cat":[328],"product_tag":[],"class_list":{"0":"post-70958","1":"product","2":"type-product","3":"status-publish","4":"has-post-thumbnail","6":"product_cat-vanjske-klupe-metalne","8":"first","9":"onbackorder","10":"taxable","11":"shipping-taxable","12":"purchasable","13":"product-type-simple"},"acf":[],"_links":{"self":[{"href":"https:\/\/adhotelskaoprema.com\/en\/wp-json\/wp\/v2\/product\/70958","targetHints":{"allow":["GET"]}}],"collection":[{"href":"https:\/\/adhotelskaoprema.com\/en\/wp-json\/wp\/v2\/product"}],"about":[{"href":"https:\/\/adhotelskaoprema.com\/en\/wp-json\/wp\/v2\/types\/product"}],"wp:featuredmedia":[{"embeddable":true,"href":"https:\/\/adhotelskaoprema.com\/en\/wp-json\/wp\/v2\/media\/70961"}],"wp:attachment":[{"href":"https:\/\/adhotelskaoprema.com\/en\/wp-json\/wp\/v2\/media?parent=70958"}],"wp:term":[{"taxonomy":"product_brand","embeddable":true,"href":"https:\/\/adhotelskaoprema.com\/en\/wp-json\/wp\/v2\/product_brand?post=70958"},{"taxonomy":"product_cat","embeddable":true,"href":"https:\/\/adhotelskaoprema.com\/en\/wp-json\/wp\/v2\/product_cat?post=70958"},{"taxonomy":"product_tag","embeddable":true,"href":"https:\/\/adhotelskaoprema.com\/en\/wp-json\/wp\/v2\/product_tag?post=70958"}],"curies":[{"name":"wp","href":"https:\/\/api.w.org\/{rel}","templated":true}]}}