{"id":70886,"date":"2025-01-24T16:40:07","date_gmt":"2025-01-24T15:40:07","guid":{"rendered":"https:\/\/adhotelskaoprema.com\/?post_type=product&#038;p=70886"},"modified":"2025-01-27T09:36:11","modified_gmt":"2025-01-27T08:36:11","slug":"servisna-kolica-antracit-674-at","status":"publish","type":"product","link":"https:\/\/adhotelskaoprema.com\/en\/proizvod\/servisna-kolica-antracit-674-at\/","title":{"rendered":"Servisna kolica antracit (674\/AT)"},"content":{"rendered":"<p class=\"p3 descProd\">Kolica za poslugu u restoranu, vi\u0161enamjenska i prakti\u010dna, pogodna su za unutarnje i vanjske prostore.<br \/>\nSadr\u017ei okretne kota\u010de s grani\u010dnikom.<br \/>\nCijeli okvir je od lakiranog aluminija, a presvlaka je plasti\u010dna PVC tkanina.<\/p>\n<p class=\"p5\">\n<p>\u0160irina: 78 cm<\/p>\n<p>Visina:127 cm<\/p>\n<p>Rok isporuke po narud\u017ebi 14 dana.<\/p>\n","protected":false},"excerpt":{"rendered":"<p>Kolica za poslugu u restoranu, vi\u0161enamjenska i prakti\u010dna, pogodna su za unutarnje i vanjske prostore. Sadr\u017ei okretne kota\u010de s grani\u010dnikom. Cijeli okvir je od lakiranog aluminija, a presvlaka je plasti\u010dna PVC tkanina. \u0160irina: 78 cm Visina:127 cm Rok isporuke po narud\u017ebi 14 dana.<\/p>\n","protected":false},"featured_media":70889,"template":"","meta":{"_acf_changed":false},"product_brand":[],"product_cat":[327],"product_tag":[],"class_list":{"0":"post-70886","1":"product","2":"type-product","3":"status-publish","4":"has-post-thumbnail","6":"product_cat-vanjska-servisna-kolica","8":"first","9":"onbackorder","10":"taxable","11":"shipping-taxable","12":"purchasable","13":"product-type-simple"},"acf":[],"_links":{"self":[{"href":"https:\/\/adhotelskaoprema.com\/en\/wp-json\/wp\/v2\/product\/70886","targetHints":{"allow":["GET"]}}],"collection":[{"href":"https:\/\/adhotelskaoprema.com\/en\/wp-json\/wp\/v2\/product"}],"about":[{"href":"https:\/\/adhotelskaoprema.com\/en\/wp-json\/wp\/v2\/types\/product"}],"wp:featuredmedia":[{"embeddable":true,"href":"https:\/\/adhotelskaoprema.com\/en\/wp-json\/wp\/v2\/media\/70889"}],"wp:attachment":[{"href":"https:\/\/adhotelskaoprema.com\/en\/wp-json\/wp\/v2\/media?parent=70886"}],"wp:term":[{"taxonomy":"product_brand","embeddable":true,"href":"https:\/\/adhotelskaoprema.com\/en\/wp-json\/wp\/v2\/product_brand?post=70886"},{"taxonomy":"product_cat","embeddable":true,"href":"https:\/\/adhotelskaoprema.com\/en\/wp-json\/wp\/v2\/product_cat?post=70886"},{"taxonomy":"product_tag","embeddable":true,"href":"https:\/\/adhotelskaoprema.com\/en\/wp-json\/wp\/v2\/product_tag?post=70886"}],"curies":[{"name":"wp","href":"https:\/\/api.w.org\/{rel}","templated":true}]}}