{"id":70870,"date":"2025-01-24T15:19:06","date_gmt":"2025-01-24T14:19:06","guid":{"rendered":"https:\/\/adhotelskaoprema.com\/?post_type=product&#038;p=70870"},"modified":"2025-01-24T17:05:03","modified_gmt":"2025-01-24T16:05:03","slug":"barska-stolica-antracit-654-at","status":"publish","type":"product","link":"https:\/\/adhotelskaoprema.com\/en\/proizvod\/barska-stolica-antracit-654-at\/","title":{"rendered":"Barska stolica antracit 654\/AT"},"content":{"rendered":"<p class=\"p3 descProd\"><span>Barska stolica s aluminijskim okvirom oblo\u017eenim poliesterskim prahom.<\/span><br \/>\n<span>HPL kompaktno sjedalo 12 mm.<\/span><\/p>\n<p>Visina stolice:109 cm<\/p>\n<p>\u0160irina sjedala:47,5 cm<\/p>\n<p>Du\u017eina sjedala:52 cm<\/p>\n<p>Visina od sjedala:76 cm<\/p>\n<p>Promjer:39,5 cm<\/p>\n<p>&nbsp;<\/p>\n<p>Rok isporuke po narud\u017ebi 14 dana.<\/p>\n","protected":false},"excerpt":{"rendered":"<p>Barska stolica s aluminijskim okvirom oblo\u017eenim poliesterskim prahom. HPL kompaktno sjedalo 12 mm. Visina stolice:109 cm \u0160irina sjedala:47,5 cm Du\u017eina sjedala:52 cm Visina od sjedala:76 cm Promjer:39,5 cm &nbsp; Rok isporuke po narud\u017ebi 14 dana.<\/p>\n","protected":false},"featured_media":70876,"template":"","meta":{"_acf_changed":false},"product_brand":[],"product_cat":[325],"product_tag":[],"class_list":{"0":"post-70870","1":"product","2":"type-product","3":"status-publish","4":"has-post-thumbnail","6":"product_cat-vanjske-stolice-metalne-i-plasticne-barske","8":"first","9":"onbackorder","10":"sale","11":"taxable","12":"shipping-taxable","13":"purchasable","14":"product-type-simple"},"acf":[],"_links":{"self":[{"href":"https:\/\/adhotelskaoprema.com\/en\/wp-json\/wp\/v2\/product\/70870","targetHints":{"allow":["GET"]}}],"collection":[{"href":"https:\/\/adhotelskaoprema.com\/en\/wp-json\/wp\/v2\/product"}],"about":[{"href":"https:\/\/adhotelskaoprema.com\/en\/wp-json\/wp\/v2\/types\/product"}],"wp:featuredmedia":[{"embeddable":true,"href":"https:\/\/adhotelskaoprema.com\/en\/wp-json\/wp\/v2\/media\/70876"}],"wp:attachment":[{"href":"https:\/\/adhotelskaoprema.com\/en\/wp-json\/wp\/v2\/media?parent=70870"}],"wp:term":[{"taxonomy":"product_brand","embeddable":true,"href":"https:\/\/adhotelskaoprema.com\/en\/wp-json\/wp\/v2\/product_brand?post=70870"},{"taxonomy":"product_cat","embeddable":true,"href":"https:\/\/adhotelskaoprema.com\/en\/wp-json\/wp\/v2\/product_cat?post=70870"},{"taxonomy":"product_tag","embeddable":true,"href":"https:\/\/adhotelskaoprema.com\/en\/wp-json\/wp\/v2\/product_tag?post=70870"}],"curies":[{"name":"wp","href":"https:\/\/api.w.org\/{rel}","templated":true}]}}