{"id":70857,"date":"2025-01-24T14:08:42","date_gmt":"2025-01-24T13:08:42","guid":{"rendered":"https:\/\/adhotelskaoprema.com\/?post_type=product&#038;p=70857"},"modified":"2025-01-24T17:05:04","modified_gmt":"2025-01-24T16:05:04","slug":"barska-stolica-650","status":"publish","type":"product","link":"https:\/\/adhotelskaoprema.com\/en\/proizvod\/barska-stolica-650\/","title":{"rendered":"Barska stolica (650)"},"content":{"rendered":"<p class=\"p3 descProd\"><span>Barska stolica izra\u0111ena od okvira od aluminijskog poliesterskog premaza u prahu.<\/span><br \/>\n<span>Stra\u017enja strana je pletena sinteti\u010dkim u\u017eetom.<\/span><br \/>\n<span>Jastuk je 100% poliesterska tkanina, navlaka se mo\u017ee skinuti.<\/span><\/p>\n<p class=\"p5\">\n<p>Visina stolice:98,5 cm<\/p>\n<p>\u0160irina sjedala:57 cm<\/p>\n<p>Du\u017eina sjedala:57,5 cm<\/p>\n<p>Visina od sjedala:77 cm<\/p>\n<p>Promjer:40 cm<\/p>\n<p>&nbsp;<\/p>\n<p>Rok isporuke po narud\u017ebi 14 dana.<\/p>\n","protected":false},"excerpt":{"rendered":"<p>Barska stolica izra\u0111ena od okvira od aluminijskog poliesterskog premaza u prahu. Stra\u017enja strana je pletena sinteti\u010dkim u\u017eetom. Jastuk je 100% poliesterska tkanina, navlaka se mo\u017ee skinuti. Visina stolice:98,5 cm \u0160irina sjedala:57 cm Du\u017eina sjedala:57,5 cm Visina od sjedala:77 cm Promjer:40 cm &nbsp; Rok isporuke po narud\u017ebi 14 dana.<\/p>\n","protected":false},"featured_media":70858,"template":"","meta":{"_acf_changed":false},"product_brand":[],"product_cat":[326],"product_tag":[],"class_list":{"0":"post-70857","1":"product","2":"type-product","3":"status-publish","4":"has-post-thumbnail","6":"product_cat-vanjske-stolice-pletene-barske","8":"first","9":"onbackorder","10":"sale","11":"taxable","12":"shipping-taxable","13":"purchasable","14":"product-type-simple"},"acf":[],"_links":{"self":[{"href":"https:\/\/adhotelskaoprema.com\/en\/wp-json\/wp\/v2\/product\/70857","targetHints":{"allow":["GET"]}}],"collection":[{"href":"https:\/\/adhotelskaoprema.com\/en\/wp-json\/wp\/v2\/product"}],"about":[{"href":"https:\/\/adhotelskaoprema.com\/en\/wp-json\/wp\/v2\/types\/product"}],"wp:featuredmedia":[{"embeddable":true,"href":"https:\/\/adhotelskaoprema.com\/en\/wp-json\/wp\/v2\/media\/70858"}],"wp:attachment":[{"href":"https:\/\/adhotelskaoprema.com\/en\/wp-json\/wp\/v2\/media?parent=70857"}],"wp:term":[{"taxonomy":"product_brand","embeddable":true,"href":"https:\/\/adhotelskaoprema.com\/en\/wp-json\/wp\/v2\/product_brand?post=70857"},{"taxonomy":"product_cat","embeddable":true,"href":"https:\/\/adhotelskaoprema.com\/en\/wp-json\/wp\/v2\/product_cat?post=70857"},{"taxonomy":"product_tag","embeddable":true,"href":"https:\/\/adhotelskaoprema.com\/en\/wp-json\/wp\/v2\/product_tag?post=70857"}],"curies":[{"name":"wp","href":"https:\/\/api.w.org\/{rel}","templated":true}]}}