{"id":70836,"date":"2025-01-24T14:04:16","date_gmt":"2025-01-24T13:04:16","guid":{"rendered":"https:\/\/adhotelskaoprema.com\/?post_type=product&#038;p=70836"},"modified":"2025-01-24T17:05:04","modified_gmt":"2025-01-24T16:05:04","slug":"barska-stolica-zelena-660-ver13","status":"publish","type":"product","link":"https:\/\/adhotelskaoprema.com\/en\/proizvod\/barska-stolica-zelena-660-ver13\/","title":{"rendered":"Barska stolica zelena (660\/VER13)"},"content":{"rendered":"<p class=\"p3 descProd\">Barska stolica s poliesterskim aluminijskim okvirom oblo\u017eenim prahom, presvu\u010dena ru\u010dno tkanim sinteti\u010dkim u\u017eetom.<br \/>\nJastuk za sjedenje je PVC tkanina, s podstavom za drena\u017eu, navlaka koja se mo\u017ee skinuti.<br \/>\nOslonac za noge za\u0161ti\u0107en je letvicom od anodiziranog aluminija.<\/p>\n<p class=\"p5\">\n<p>Visina stolice:105 cm<\/p>\n<p>\u0160irina sjedala:60 cm<\/p>\n<p>Du\u017eina sjedala:55 cm<\/p>\n<p>Visina od sjedala:76 cm<\/p>\n<p>Promjer:42,5 cm<\/p>\n<p>&nbsp;<\/p>\n<p>Rok isporuke po narud\u017ebi 14 dana.<\/p>\n","protected":false},"excerpt":{"rendered":"<p>Barska stolica s poliesterskim aluminijskim okvirom oblo\u017eenim prahom, presvu\u010dena ru\u010dno tkanim sinteti\u010dkim u\u017eetom. Jastuk za sjedenje je PVC tkanina, s podstavom za drena\u017eu, navlaka koja se mo\u017ee skinuti. Oslonac za noge za\u0161ti\u0107en je letvicom od anodiziranog aluminija. Visina stolice:105 cm \u0160irina sjedala:60 cm Du\u017eina sjedala:55 cm Visina od sjedala:76 cm Promjer:42,5 cm &nbsp; Rok isporuke [&hellip;]<\/p>\n","protected":false},"featured_media":70855,"template":"","meta":{"_acf_changed":false},"product_brand":[],"product_cat":[326],"product_tag":[],"class_list":{"0":"post-70836","1":"product","2":"type-product","3":"status-publish","4":"has-post-thumbnail","6":"product_cat-vanjske-stolice-pletene-barske","8":"first","9":"onbackorder","10":"sale","11":"taxable","12":"shipping-taxable","13":"purchasable","14":"product-type-simple"},"acf":[],"_links":{"self":[{"href":"https:\/\/adhotelskaoprema.com\/en\/wp-json\/wp\/v2\/product\/70836","targetHints":{"allow":["GET"]}}],"collection":[{"href":"https:\/\/adhotelskaoprema.com\/en\/wp-json\/wp\/v2\/product"}],"about":[{"href":"https:\/\/adhotelskaoprema.com\/en\/wp-json\/wp\/v2\/types\/product"}],"wp:featuredmedia":[{"embeddable":true,"href":"https:\/\/adhotelskaoprema.com\/en\/wp-json\/wp\/v2\/media\/70855"}],"wp:attachment":[{"href":"https:\/\/adhotelskaoprema.com\/en\/wp-json\/wp\/v2\/media?parent=70836"}],"wp:term":[{"taxonomy":"product_brand","embeddable":true,"href":"https:\/\/adhotelskaoprema.com\/en\/wp-json\/wp\/v2\/product_brand?post=70836"},{"taxonomy":"product_cat","embeddable":true,"href":"https:\/\/adhotelskaoprema.com\/en\/wp-json\/wp\/v2\/product_cat?post=70836"},{"taxonomy":"product_tag","embeddable":true,"href":"https:\/\/adhotelskaoprema.com\/en\/wp-json\/wp\/v2\/product_tag?post=70836"}],"curies":[{"name":"wp","href":"https:\/\/api.w.org\/{rel}","templated":true}]}}