{"id":70813,"date":"2025-01-24T13:01:47","date_gmt":"2025-01-24T12:01:47","guid":{"rendered":"https:\/\/adhotelskaoprema.com\/?post_type=product&#038;p=70813"},"modified":"2025-01-24T17:05:05","modified_gmt":"2025-01-24T16:05:05","slug":"barska-stolica-terakota-663-ter","status":"publish","type":"product","link":"https:\/\/adhotelskaoprema.com\/en\/proizvod\/barska-stolica-terakota-663-ter\/","title":{"rendered":"Barska stolica terakota (663\/TER)"},"content":{"rendered":"<p class=\"p3 descProd\">Barska stolica s poliesterskim aluminijskim okvirom oblo\u017eenim prahom, sjedalo i naslon presvu\u010deni su ru\u010dno tkanim sinteti\u010dkim u\u017eetom.<br \/>\nOslonac za noge za\u0161ti\u0107en je letvicom od anodiziranog aluminija.<\/p>\n<p class=\"p5\">\n<p>Visina stolice:102 cm<\/p>\n<p>\u0160irina sjedala:48 cm<\/p>\n<p>Du\u017eina sjedala:59 cm<\/p>\n<p>Visina od sjedala:73 cm<\/p>\n<p>Promjer:42 cm<\/p>\n<p>&nbsp;<\/p>\n<p>Rok isporuke po narud\u017ebi 14 dana.<\/p>\n","protected":false},"excerpt":{"rendered":"<p>Barska stolica s poliesterskim aluminijskim okvirom oblo\u017eenim prahom, sjedalo i naslon presvu\u010deni su ru\u010dno tkanim sinteti\u010dkim u\u017eetom. Oslonac za noge za\u0161ti\u0107en je letvicom od anodiziranog aluminija. Visina stolice:102 cm \u0160irina sjedala:48 cm Du\u017eina sjedala:59 cm Visina od sjedala:73 cm Promjer:42 cm &nbsp; Rok isporuke po narud\u017ebi 14 dana.<\/p>\n","protected":false},"featured_media":70818,"template":"","meta":{"_acf_changed":false},"product_brand":[],"product_cat":[326],"product_tag":[],"class_list":{"0":"post-70813","1":"product","2":"type-product","3":"status-publish","4":"has-post-thumbnail","6":"product_cat-vanjske-stolice-pletene-barske","8":"first","9":"onbackorder","10":"sale","11":"taxable","12":"shipping-taxable","13":"purchasable","14":"product-type-simple"},"acf":[],"_links":{"self":[{"href":"https:\/\/adhotelskaoprema.com\/en\/wp-json\/wp\/v2\/product\/70813","targetHints":{"allow":["GET"]}}],"collection":[{"href":"https:\/\/adhotelskaoprema.com\/en\/wp-json\/wp\/v2\/product"}],"about":[{"href":"https:\/\/adhotelskaoprema.com\/en\/wp-json\/wp\/v2\/types\/product"}],"wp:featuredmedia":[{"embeddable":true,"href":"https:\/\/adhotelskaoprema.com\/en\/wp-json\/wp\/v2\/media\/70818"}],"wp:attachment":[{"href":"https:\/\/adhotelskaoprema.com\/en\/wp-json\/wp\/v2\/media?parent=70813"}],"wp:term":[{"taxonomy":"product_brand","embeddable":true,"href":"https:\/\/adhotelskaoprema.com\/en\/wp-json\/wp\/v2\/product_brand?post=70813"},{"taxonomy":"product_cat","embeddable":true,"href":"https:\/\/adhotelskaoprema.com\/en\/wp-json\/wp\/v2\/product_cat?post=70813"},{"taxonomy":"product_tag","embeddable":true,"href":"https:\/\/adhotelskaoprema.com\/en\/wp-json\/wp\/v2\/product_tag?post=70813"}],"curies":[{"name":"wp","href":"https:\/\/api.w.org\/{rel}","templated":true}]}}