{"id":70793,"date":"2025-01-24T12:01:42","date_gmt":"2025-01-24T11:01:42","guid":{"rendered":"https:\/\/adhotelskaoprema.com\/?post_type=product&#038;p=70793"},"modified":"2025-01-24T17:05:06","modified_gmt":"2025-01-24T16:05:06","slug":"barska-stolica-bijela-661-bco","status":"publish","type":"product","link":"https:\/\/adhotelskaoprema.com\/en\/proizvod\/barska-stolica-bijela-661-bco\/","title":{"rendered":"Barska stolica bijela (661\/BCO)"},"content":{"rendered":"<p class=\"p3 descProd\">Barska stolica s poliesterskim aluminijskim okvirom oblo\u017eenim prahom,<\/p>\n<p class=\"p3 descProd\">sjedalo i naslon presvu\u010deni su ru\u010dno tkanim sinteti\u010dkim u\u017eetom.<\/p>\n<p class=\"p5\">\n<p>Visina stolice:104 cm<\/p>\n<p>\u0160irina sjedala:55 cm<\/p>\n<p>Du\u017eina sjedala:53 cm<\/p>\n<p>Visina od sjedala:76 cm<\/p>\n<p>Promjer:40 cm<\/p>\n<p>&nbsp;<\/p>\n<p>Rok isporuke po narud\u017ebi 14 dana.<\/p>\n","protected":false},"excerpt":{"rendered":"<p>Barska stolica s poliesterskim aluminijskim okvirom oblo\u017eenim prahom, sjedalo i naslon presvu\u010deni su ru\u010dno tkanim sinteti\u010dkim u\u017eetom. Visina stolice:104 cm \u0160irina sjedala:55 cm Du\u017eina sjedala:53 cm Visina od sjedala:76 cm Promjer:40 cm &nbsp; Rok isporuke po narud\u017ebi 14 dana.<\/p>\n","protected":false},"featured_media":70807,"template":"","meta":{"_acf_changed":false},"product_brand":[],"product_cat":[326],"product_tag":[],"class_list":{"0":"post-70793","1":"product","2":"type-product","3":"status-publish","4":"has-post-thumbnail","6":"product_cat-vanjske-stolice-pletene-barske","8":"first","9":"onbackorder","10":"sale","11":"taxable","12":"shipping-taxable","13":"purchasable","14":"product-type-simple"},"acf":[],"_links":{"self":[{"href":"https:\/\/adhotelskaoprema.com\/en\/wp-json\/wp\/v2\/product\/70793","targetHints":{"allow":["GET"]}}],"collection":[{"href":"https:\/\/adhotelskaoprema.com\/en\/wp-json\/wp\/v2\/product"}],"about":[{"href":"https:\/\/adhotelskaoprema.com\/en\/wp-json\/wp\/v2\/types\/product"}],"wp:featuredmedia":[{"embeddable":true,"href":"https:\/\/adhotelskaoprema.com\/en\/wp-json\/wp\/v2\/media\/70807"}],"wp:attachment":[{"href":"https:\/\/adhotelskaoprema.com\/en\/wp-json\/wp\/v2\/media?parent=70793"}],"wp:term":[{"taxonomy":"product_brand","embeddable":true,"href":"https:\/\/adhotelskaoprema.com\/en\/wp-json\/wp\/v2\/product_brand?post=70793"},{"taxonomy":"product_cat","embeddable":true,"href":"https:\/\/adhotelskaoprema.com\/en\/wp-json\/wp\/v2\/product_cat?post=70793"},{"taxonomy":"product_tag","embeddable":true,"href":"https:\/\/adhotelskaoprema.com\/en\/wp-json\/wp\/v2\/product_tag?post=70793"}],"curies":[{"name":"wp","href":"https:\/\/api.w.org\/{rel}","templated":true}]}}