{"id":70756,"date":"2025-01-24T10:08:44","date_gmt":"2025-01-24T09:08:44","guid":{"rendered":"https:\/\/adhotelskaoprema.com\/?post_type=product&#038;p=70756"},"modified":"2025-01-24T17:06:03","modified_gmt":"2025-01-24T16:06:03","slug":"barska-stolica-bijela-bez-655-bco02","status":"publish","type":"product","link":"https:\/\/adhotelskaoprema.com\/en\/proizvod\/barska-stolica-bijela-bez-655-bco02\/","title":{"rendered":"Barska stolica bijela\/be\u017e (655\/BCO02)"},"content":{"rendered":"<p class=\"p3 descProd\">Barska stolica s aluminijskim okvirom oblo\u017eenim poliesterskim prahom.<br \/>\nLe\u0111a su prekrivena ru\u010dno tkanom podstavljenom sinteti\u010dkom tkaninom u obliku cijevi.<br \/>\nJastuk ima uklonjivu PVC tkaninu i podstavu koja se brzo su\u0161i.<br \/>\nOslonac za noge za\u0161ti\u0107en je letvicom od anodiziranog aluminija.<\/p>\n<p>Visina stolice:98 cm<\/p>\n<p>\u0160irina sjedala:57 cm<\/p>\n<p>Du\u017eina sjedala:52 cm<\/p>\n<p>Visina od sjedala:77 cm<\/p>\n<p>Promjer:45 cm<\/p>\n<p>&nbsp;<\/p>\n<p>Rok isporuke po narud\u017ebi 14 dana.<\/p>\n","protected":false},"excerpt":{"rendered":"<p>Barska stolica s aluminijskim okvirom oblo\u017eenim poliesterskim prahom. Le\u0111a su prekrivena ru\u010dno tkanom podstavljenom sinteti\u010dkom tkaninom u obliku cijevi. Jastuk ima uklonjivu PVC tkaninu i podstavu koja se brzo su\u0161i. Oslonac za noge za\u0161ti\u0107en je letvicom od anodiziranog aluminija. Visina stolice:98 cm \u0160irina sjedala:57 cm Du\u017eina sjedala:52 cm Visina od sjedala:77 cm Promjer:45 cm &nbsp; [&hellip;]<\/p>\n","protected":false},"featured_media":70761,"template":"","meta":{"_acf_changed":false},"product_brand":[],"product_cat":[326],"product_tag":[],"class_list":{"0":"post-70756","1":"product","2":"type-product","3":"status-publish","4":"has-post-thumbnail","6":"product_cat-vanjske-stolice-pletene-barske","8":"first","9":"onbackorder","10":"sale","11":"taxable","12":"shipping-taxable","13":"purchasable","14":"product-type-simple"},"acf":[],"_links":{"self":[{"href":"https:\/\/adhotelskaoprema.com\/en\/wp-json\/wp\/v2\/product\/70756","targetHints":{"allow":["GET"]}}],"collection":[{"href":"https:\/\/adhotelskaoprema.com\/en\/wp-json\/wp\/v2\/product"}],"about":[{"href":"https:\/\/adhotelskaoprema.com\/en\/wp-json\/wp\/v2\/types\/product"}],"wp:featuredmedia":[{"embeddable":true,"href":"https:\/\/adhotelskaoprema.com\/en\/wp-json\/wp\/v2\/media\/70761"}],"wp:attachment":[{"href":"https:\/\/adhotelskaoprema.com\/en\/wp-json\/wp\/v2\/media?parent=70756"}],"wp:term":[{"taxonomy":"product_brand","embeddable":true,"href":"https:\/\/adhotelskaoprema.com\/en\/wp-json\/wp\/v2\/product_brand?post=70756"},{"taxonomy":"product_cat","embeddable":true,"href":"https:\/\/adhotelskaoprema.com\/en\/wp-json\/wp\/v2\/product_cat?post=70756"},{"taxonomy":"product_tag","embeddable":true,"href":"https:\/\/adhotelskaoprema.com\/en\/wp-json\/wp\/v2\/product_tag?post=70756"}],"curies":[{"name":"wp","href":"https:\/\/api.w.org\/{rel}","templated":true}]}}