{"id":7075,"date":"2024-02-05T10:36:38","date_gmt":"2024-02-05T09:36:38","guid":{"rendered":"https:\/\/adhotelskaoprema.com\/proizvod\/baldahina-cs\/"},"modified":"2024-02-05T10:36:46","modified_gmt":"2024-02-05T09:36:46","slug":"baldahina-cs","status":"publish","type":"product","link":"https:\/\/adhotelskaoprema.com\/en\/proizvod\/baldahina-cs\/","title":{"rendered":"Baldahina Cs"},"content":{"rendered":"<p>Opis:<br \/>\ndvostruka le\u017ealjka stvara trenutni osje\u0107aj opu\u0161tenosti. Lagani i geometrijski aluminijski okvir isti\u010de se naspram gustih zavjesa za za\u0161titu od sunca. Dvostruko \u0161iroko i gostoljubivo sjedalo vrlo je udobno zahvaljuju\u0107i mogu\u0107nosti razli\u010ditog naginjanja dvaju naslona za le\u0111a, za prijateljski ali personalizirani vanjski do\u017eivljaj. Elegancija odabranih tkanina ne odustaje od funkcionalnosti a sve to zahvaljuju\u0107i upotrebi vlakana otpornih na vremenske uvjete i brzosu\u0161e\u0107ih pjenastih podstava s uklonjivim presvlakama za jastuke. Product made in EU.<\/p>\n<p>Dostupno u vi\u0161e kombinacija boja, slike u galeriji proizvoda.<\/p>\n<p>Rok isporuke i cijena na upit, obratite nam se preko maila: info@adhotelskaoprema.com rado \u0107emo Vam odgovoriti na Va\u0161a pitanja u najbr\u017eem mogu\u0107em roku.<\/p>\n","protected":false},"excerpt":{"rendered":"<p>|||<\/p>\n","protected":false},"featured_media":5730,"template":"","meta":{"_acf_changed":false},"product_brand":[],"product_cat":[55],"product_tag":[],"class_list":{"0":"post-7075","1":"product","2":"type-product","3":"status-publish","4":"has-post-thumbnail","6":"product_cat-baldahine-za-plazu","8":"first","9":"onbackorder","10":"taxable","11":"shipping-taxable","12":"product-type-simple"},"acf":[],"_links":{"self":[{"href":"https:\/\/adhotelskaoprema.com\/en\/wp-json\/wp\/v2\/product\/7075","targetHints":{"allow":["GET"]}}],"collection":[{"href":"https:\/\/adhotelskaoprema.com\/en\/wp-json\/wp\/v2\/product"}],"about":[{"href":"https:\/\/adhotelskaoprema.com\/en\/wp-json\/wp\/v2\/types\/product"}],"wp:featuredmedia":[{"embeddable":true,"href":"https:\/\/adhotelskaoprema.com\/en\/wp-json\/wp\/v2\/media\/5730"}],"wp:attachment":[{"href":"https:\/\/adhotelskaoprema.com\/en\/wp-json\/wp\/v2\/media?parent=7075"}],"wp:term":[{"taxonomy":"product_brand","embeddable":true,"href":"https:\/\/adhotelskaoprema.com\/en\/wp-json\/wp\/v2\/product_brand?post=7075"},{"taxonomy":"product_cat","embeddable":true,"href":"https:\/\/adhotelskaoprema.com\/en\/wp-json\/wp\/v2\/product_cat?post=7075"},{"taxonomy":"product_tag","embeddable":true,"href":"https:\/\/adhotelskaoprema.com\/en\/wp-json\/wp\/v2\/product_tag?post=7075"}],"curies":[{"name":"wp","href":"https:\/\/api.w.org\/{rel}","templated":true}]}}