{"id":7074,"date":"2024-02-05T10:36:38","date_gmt":"2024-02-05T09:36:38","guid":{"rendered":"https:\/\/adhotelskaoprema.com\/proizvod\/baldahina-co\/"},"modified":"2024-02-05T10:36:45","modified_gmt":"2024-02-05T09:36:45","slug":"baldahina-co","status":"publish","type":"product","link":"https:\/\/adhotelskaoprema.com\/en\/proizvod\/baldahina-co\/","title":{"rendered":"Baldahina Co"},"content":{"rendered":"<p>Opis:<br \/>\nBaldahina Co elegantno je rje\u0161enje za oplemenjivanje va\u0161eg vanjskog prostora. \u010ciste i uravnote\u017eene geometrije jastuka, koji se mogu ukloniti i otporni su na lo\u0161e vremenske uvjete. Zajedno s detaljima naslona od sinteti\u010dkog u\u017eeta daju profinjenost. Ukrasni jastu\u010di\u0107i dostupni u brojnim bojama daju vanjskom prostoru osobni i karakterni izgled. Product made in EU. <\/p>\n<p>Dostupno u bijeloj i antracit boji, slike u galeriji proizvoda.<\/p>\n<p>Rok isporuke i cijena na upit, obratite nam se preko maila: info@adhotelskaoprema.com rado \u0107emo Vam odgovoriti na Va\u0161a pitanja u najbr\u017eem mogu\u0107em roku.<\/p>\n","protected":false},"excerpt":{"rendered":"<p>|||<\/p>\n","protected":false},"featured_media":5721,"template":"","meta":{"_acf_changed":false},"product_brand":[],"product_cat":[55],"product_tag":[],"class_list":{"0":"post-7074","1":"product","2":"type-product","3":"status-publish","4":"has-post-thumbnail","6":"product_cat-baldahine-za-plazu","8":"first","9":"onbackorder","10":"taxable","11":"shipping-taxable","12":"product-type-simple"},"acf":[],"_links":{"self":[{"href":"https:\/\/adhotelskaoprema.com\/en\/wp-json\/wp\/v2\/product\/7074","targetHints":{"allow":["GET"]}}],"collection":[{"href":"https:\/\/adhotelskaoprema.com\/en\/wp-json\/wp\/v2\/product"}],"about":[{"href":"https:\/\/adhotelskaoprema.com\/en\/wp-json\/wp\/v2\/types\/product"}],"wp:featuredmedia":[{"embeddable":true,"href":"https:\/\/adhotelskaoprema.com\/en\/wp-json\/wp\/v2\/media\/5721"}],"wp:attachment":[{"href":"https:\/\/adhotelskaoprema.com\/en\/wp-json\/wp\/v2\/media?parent=7074"}],"wp:term":[{"taxonomy":"product_brand","embeddable":true,"href":"https:\/\/adhotelskaoprema.com\/en\/wp-json\/wp\/v2\/product_brand?post=7074"},{"taxonomy":"product_cat","embeddable":true,"href":"https:\/\/adhotelskaoprema.com\/en\/wp-json\/wp\/v2\/product_cat?post=7074"},{"taxonomy":"product_tag","embeddable":true,"href":"https:\/\/adhotelskaoprema.com\/en\/wp-json\/wp\/v2\/product_tag?post=7074"}],"curies":[{"name":"wp","href":"https:\/\/api.w.org\/{rel}","templated":true}]}}