{"id":7072,"date":"2024-02-05T10:36:38","date_gmt":"2024-02-05T09:36:38","guid":{"rendered":"https:\/\/adhotelskaoprema.com\/proizvod\/baldahina-bar\/"},"modified":"2024-02-05T10:36:44","modified_gmt":"2024-02-05T09:36:44","slug":"baldahina-bar","status":"publish","type":"product","link":"https:\/\/adhotelskaoprema.com\/en\/proizvod\/baldahina-bar\/","title":{"rendered":"Baldahina Bar"},"content":{"rendered":"<p>Opis:<br \/>\nBaldahina Bar idealan je izbor za va\u0161a doga\u0111anja na otvorenom \u010dak iu promjenjivim vremenskim uvjetima. Struktura je dizajnirana i izgra\u0111ena da pro\u0161iri va\u0161 radni prostor na otvorenom, izra\u0111ena je od poliesterskog aluminija oblo\u017eenog prahom, mo\u017ee se ukloniti i opremljena je bioklimatskim krovom, pultom i sudoperom. Ro\u0161tilj nije uklju\u010den. Product made in EU.<\/p>\n<p>Dimenzije: na slici galeriji proizvoda nalazi se slika sa dimenzijama.<\/p>\n<p>Rok isporuke i cijena na upit, obratite nam se preko maila: info@adhotelskaoprema.com rado \u0107emo Vam odgovoriti na Va\u0161a pitanja u najbr\u017eem mogu\u0107em roku.<\/p>\n","protected":false},"excerpt":{"rendered":"<p>|||||<\/p>\n","protected":false},"featured_media":5689,"template":"","meta":{"_acf_changed":false},"product_brand":[],"product_cat":[55],"product_tag":[],"class_list":{"0":"post-7072","1":"product","2":"type-product","3":"status-publish","4":"has-post-thumbnail","6":"product_cat-baldahine-za-plazu","8":"first","9":"onbackorder","10":"taxable","11":"shipping-taxable","12":"product-type-simple"},"acf":[],"_links":{"self":[{"href":"https:\/\/adhotelskaoprema.com\/en\/wp-json\/wp\/v2\/product\/7072","targetHints":{"allow":["GET"]}}],"collection":[{"href":"https:\/\/adhotelskaoprema.com\/en\/wp-json\/wp\/v2\/product"}],"about":[{"href":"https:\/\/adhotelskaoprema.com\/en\/wp-json\/wp\/v2\/types\/product"}],"wp:featuredmedia":[{"embeddable":true,"href":"https:\/\/adhotelskaoprema.com\/en\/wp-json\/wp\/v2\/media\/5689"}],"wp:attachment":[{"href":"https:\/\/adhotelskaoprema.com\/en\/wp-json\/wp\/v2\/media?parent=7072"}],"wp:term":[{"taxonomy":"product_brand","embeddable":true,"href":"https:\/\/adhotelskaoprema.com\/en\/wp-json\/wp\/v2\/product_brand?post=7072"},{"taxonomy":"product_cat","embeddable":true,"href":"https:\/\/adhotelskaoprema.com\/en\/wp-json\/wp\/v2\/product_cat?post=7072"},{"taxonomy":"product_tag","embeddable":true,"href":"https:\/\/adhotelskaoprema.com\/en\/wp-json\/wp\/v2\/product_tag?post=7072"}],"curies":[{"name":"wp","href":"https:\/\/api.w.org\/{rel}","templated":true}]}}